{"id":35088,"date":"2026-01-27T16:41:38","date_gmt":"2026-01-27T16:41:38","guid":{"rendered":"https:\/\/www.deporteseli.com\/?product=chaqueta-adidas-new-authentic"},"modified":"2026-01-27T16:41:41","modified_gmt":"2026-01-27T16:41:41","slug":"chaqueta-adidas-new-authentic","status":"publish","type":"product","link":"https:\/\/www.deporteseli.com\/?product=chaqueta-adidas-new-authentic","title":{"rendered":"CHAQUETA ADIDAS NEW AUTHENTIC"},"content":{"rendered":"<p>MUESTRA TU LADO M\u00c1S AUT\u00c9NTICO  Llena tus d\u00edas de estilo. Esta chaqueta actualiza un cl\u00e1sico dise\u00f1o deportivo con un gran logotipo de adidas en el lateral. Sal de casa y exprime al m\u00e1ximo el d\u00eda.  DETALLES  Corte holgado  Cierre de cremallera y cuello alzado  Tejido t\u00e9cnico 100% nailon  Forro de malla  Chaqueta informal con cremallera  Bolsillos laterales  Bolsillo con solapa y cremallera oculta  Color del art\u00edculo: Black  N\u00famero de art\u00edculo: GD9033                                                                                                                                                                                                                                                                                                                                                                                                                                                                                                                                                                                                                                                                                                                                                                                                                                                                                                                                                                                                                                        <\/p>\n","protected":false},"excerpt":{"rendered":"<p>CHAQUETA ADIDAS NEW AUTHENTIC<\/p>\n","protected":false},"featured_media":49823,"template":"","meta":[],"product_brand":[],"product_cat":[283],"product_tag":[18],"class_list":{"0":"post-35088","1":"product","2":"type-product","3":"status-publish","4":"has-post-thumbnail","6":"product_cat-mujer_textil_cortavientos","7":"product_tag-adidas","8":"pa_color-unico","9":"pa_talla-m","10":"pa_talla-s","11":"thunk-woo-product-list","12":"opn-qv-enable","13":"open-woo-hover-","14":"open-single-product-tab-horizontal","15":"open-shadow-","16":"open-shadow-hover-","18":"first","19":"instock","20":"shipping-taxable","21":"purchasable","22":"product-type-variable"},"jetpack_sharing_enabled":true,"_links":{"self":[{"href":"https:\/\/www.deporteseli.com\/index.php?rest_route=\/wp\/v2\/product\/35088","targetHints":{"allow":["GET"]}}],"collection":[{"href":"https:\/\/www.deporteseli.com\/index.php?rest_route=\/wp\/v2\/product"}],"about":[{"href":"https:\/\/www.deporteseli.com\/index.php?rest_route=\/wp\/v2\/types\/product"}],"wp:featuredmedia":[{"embeddable":true,"href":"https:\/\/www.deporteseli.com\/index.php?rest_route=\/wp\/v2\/media\/49823"}],"wp:attachment":[{"href":"https:\/\/www.deporteseli.com\/index.php?rest_route=%2Fwp%2Fv2%2Fmedia&parent=35088"}],"wp:term":[{"taxonomy":"product_brand","embeddable":true,"href":"https:\/\/www.deporteseli.com\/index.php?rest_route=%2Fwp%2Fv2%2Fproduct_brand&post=35088"},{"taxonomy":"product_cat","embeddable":true,"href":"https:\/\/www.deporteseli.com\/index.php?rest_route=%2Fwp%2Fv2%2Fproduct_cat&post=35088"},{"taxonomy":"product_tag","embeddable":true,"href":"https:\/\/www.deporteseli.com\/index.php?rest_route=%2Fwp%2Fv2%2Fproduct_tag&post=35088"}],"curies":[{"name":"wp","href":"https:\/\/api.w.org\/{rel}","templated":true}]}}