{"id":35084,"date":"2026-01-27T16:41:34","date_gmt":"2026-01-27T16:41:34","guid":{"rendered":"https:\/\/www.deporteseli.com\/?product=malla-adidas"},"modified":"2026-01-27T16:41:37","modified_gmt":"2026-01-27T16:41:37","slug":"malla-adidas","status":"publish","type":"product","link":"https:\/\/www.deporteseli.com\/?product=malla-adidas","title":{"rendered":"MALLA ADIDAS"},"content":{"rendered":"<p>Estas mallas para j\u00f3venes deportistas presentan un corte ajustado que te asegura una excelente sujeci\u00f3n y comodidad en todo momento. Solo tendr\u00e1s que pon\u00e9rtelas, escuchar tu playlist favorita y afrontar tu entrenamiento con la mayor motivaci\u00f3n.                                                                                                                                                                                                                                                                                                                                                                                                                                                                                                                                                                                                                                                                                                                                                                                                                                                                                                                                                                                                                                        <\/p>\n","protected":false},"excerpt":{"rendered":"<p>MALLA ADIDAS<\/p>\n","protected":false},"featured_media":49819,"template":"","meta":[],"product_brand":[],"product_cat":[386],"product_tag":[18],"class_list":{"0":"post-35084","1":"product","2":"type-product","3":"status-publish","4":"has-post-thumbnail","6":"product_cat-ninas_textil_mallas","7":"product_tag-adidas","8":"pa_color-unico","9":"pa_talla-t-10","10":"pa_talla-t-14","11":"pa_talla-t-16","12":"thunk-woo-product-list","13":"opn-qv-enable","14":"open-woo-hover-","15":"open-single-product-tab-horizontal","16":"open-shadow-","17":"open-shadow-hover-","19":"first","20":"instock","21":"shipping-taxable","22":"purchasable","23":"product-type-variable"},"jetpack_sharing_enabled":true,"_links":{"self":[{"href":"https:\/\/www.deporteseli.com\/index.php?rest_route=\/wp\/v2\/product\/35084","targetHints":{"allow":["GET"]}}],"collection":[{"href":"https:\/\/www.deporteseli.com\/index.php?rest_route=\/wp\/v2\/product"}],"about":[{"href":"https:\/\/www.deporteseli.com\/index.php?rest_route=\/wp\/v2\/types\/product"}],"wp:featuredmedia":[{"embeddable":true,"href":"https:\/\/www.deporteseli.com\/index.php?rest_route=\/wp\/v2\/media\/49819"}],"wp:attachment":[{"href":"https:\/\/www.deporteseli.com\/index.php?rest_route=%2Fwp%2Fv2%2Fmedia&parent=35084"}],"wp:term":[{"taxonomy":"product_brand","embeddable":true,"href":"https:\/\/www.deporteseli.com\/index.php?rest_route=%2Fwp%2Fv2%2Fproduct_brand&post=35084"},{"taxonomy":"product_cat","embeddable":true,"href":"https:\/\/www.deporteseli.com\/index.php?rest_route=%2Fwp%2Fv2%2Fproduct_cat&post=35084"},{"taxonomy":"product_tag","embeddable":true,"href":"https:\/\/www.deporteseli.com\/index.php?rest_route=%2Fwp%2Fv2%2Fproduct_tag&post=35084"}],"curies":[{"name":"wp","href":"https:\/\/api.w.org\/{rel}","templated":true}]}}