{"id":35078,"date":"2026-01-27T16:41:24","date_gmt":"2026-01-27T16:41:24","guid":{"rendered":"https:\/\/www.deporteseli.com\/?product=reebok-royal-classic-jogger-3"},"modified":"2026-01-27T16:41:27","modified_gmt":"2026-01-27T16:41:27","slug":"reebok-royal-classic-jogger-3","status":"publish","type":"product","link":"https:\/\/www.deporteseli.com\/?product=reebok-royal-classic-jogger-3","title":{"rendered":"REEBOK ROYAL CLASSIC JOGGER 3"},"content":{"rendered":"<p>Una zapatilla de estilo retro para la nueva generaci\u00f3n. Esta zapatilla para ni\u00f1a viene con un dise\u00f1o actualizado y c\u00f3modo para su d\u00eda a d\u00eda. La parte superior de malla ligera con revestimientos de piel le infunde un look de lo m\u00e1s chulo para que tu peque se mueva de un lado para otro con ella. Adem\u00e1s, viene con un cierre de tiras de velcro para que se la ponga y quite con facilidad.                                                                                                                                                                                                                                                                                                                                                                                                                                                                                                                                                                                                                                                                                                                                                                                                                                                                                                                                                                                                                                        <\/p>\n","protected":false},"excerpt":{"rendered":"<p>REEBOK ROYAL CLASSIC JOGGER 3<\/p>\n","protected":false},"featured_media":49808,"template":"","meta":[],"product_brand":[],"product_cat":[390],"product_tag":[41],"class_list":{"0":"post-35078","1":"product","2":"type-product","3":"status-publish","4":"has-post-thumbnail","6":"product_cat-ninas_calzado_running","7":"product_tag-reebok","8":"pa_color-unico","9":"pa_talla-23-5","10":"thunk-woo-product-list","11":"opn-qv-enable","12":"open-woo-hover-","13":"open-single-product-tab-horizontal","14":"open-shadow-","15":"open-shadow-hover-","17":"first","18":"instock","19":"sale","20":"shipping-taxable","21":"purchasable","22":"product-type-variable"},"jetpack_sharing_enabled":true,"_links":{"self":[{"href":"https:\/\/www.deporteseli.com\/index.php?rest_route=\/wp\/v2\/product\/35078","targetHints":{"allow":["GET"]}}],"collection":[{"href":"https:\/\/www.deporteseli.com\/index.php?rest_route=\/wp\/v2\/product"}],"about":[{"href":"https:\/\/www.deporteseli.com\/index.php?rest_route=\/wp\/v2\/types\/product"}],"wp:featuredmedia":[{"embeddable":true,"href":"https:\/\/www.deporteseli.com\/index.php?rest_route=\/wp\/v2\/media\/49808"}],"wp:attachment":[{"href":"https:\/\/www.deporteseli.com\/index.php?rest_route=%2Fwp%2Fv2%2Fmedia&parent=35078"}],"wp:term":[{"taxonomy":"product_brand","embeddable":true,"href":"https:\/\/www.deporteseli.com\/index.php?rest_route=%2Fwp%2Fv2%2Fproduct_brand&post=35078"},{"taxonomy":"product_cat","embeddable":true,"href":"https:\/\/www.deporteseli.com\/index.php?rest_route=%2Fwp%2Fv2%2Fproduct_cat&post=35078"},{"taxonomy":"product_tag","embeddable":true,"href":"https:\/\/www.deporteseli.com\/index.php?rest_route=%2Fwp%2Fv2%2Fproduct_tag&post=35078"}],"curies":[{"name":"wp","href":"https:\/\/api.w.org\/{rel}","templated":true}]}}