{"id":35076,"date":"2026-01-27T16:41:22","date_gmt":"2026-01-27T16:41:22","guid":{"rendered":"https:\/\/www.deporteseli.com\/?product=camiseta-asics-club-w-tank"},"modified":"2026-01-27T16:41:23","modified_gmt":"2026-01-27T16:41:23","slug":"camiseta-asics-club-w-tank","status":"publish","type":"product","link":"https:\/\/www.deporteseli.com\/?product=camiseta-asics-club-w-tank","title":{"rendered":"CAMISETA ASICS CLUB W TANK"},"content":{"rendered":"<p>Dise\u00f1ado con un detalle de puntadas en zig-zag en la parte delantera y paneles inspirados en los pliegues japoneses, el Club W Tank se complementa con un dobladillo curvo en la parte posterior. Adem\u00e1s, este tanque est\u00e1 acentuado con una aplicaci\u00f3n de malla para mayor transpirabilidad.    Paneles de malla para mayor transpirabilidad                                                                                                                                                                                                                                                                                                                                                                                                                                                                                                                                                                                                                                                                                                                                                                                                                                                                                                                                                                                                                                        <\/p>\n","protected":false},"excerpt":{"rendered":"<p>CAMISETA ASICS CLUB W TANK<\/p>\n","protected":false},"featured_media":49805,"template":"","meta":[],"product_brand":[],"product_cat":[364],"product_tag":[19],"class_list":{"0":"post-35076","1":"product","2":"type-product","3":"status-publish","4":"has-post-thumbnail","6":"product_cat-padel_y_tenis_textil_camisas","7":"product_tag-asics","8":"pa_color-unico","9":"pa_talla-l","10":"thunk-woo-product-list","11":"opn-qv-enable","12":"open-woo-hover-","13":"open-single-product-tab-horizontal","14":"open-shadow-","15":"open-shadow-hover-","17":"first","18":"instock","19":"sale","20":"shipping-taxable","21":"purchasable","22":"product-type-variable"},"jetpack_sharing_enabled":true,"_links":{"self":[{"href":"https:\/\/www.deporteseli.com\/index.php?rest_route=\/wp\/v2\/product\/35076","targetHints":{"allow":["GET"]}}],"collection":[{"href":"https:\/\/www.deporteseli.com\/index.php?rest_route=\/wp\/v2\/product"}],"about":[{"href":"https:\/\/www.deporteseli.com\/index.php?rest_route=\/wp\/v2\/types\/product"}],"wp:featuredmedia":[{"embeddable":true,"href":"https:\/\/www.deporteseli.com\/index.php?rest_route=\/wp\/v2\/media\/49805"}],"wp:attachment":[{"href":"https:\/\/www.deporteseli.com\/index.php?rest_route=%2Fwp%2Fv2%2Fmedia&parent=35076"}],"wp:term":[{"taxonomy":"product_brand","embeddable":true,"href":"https:\/\/www.deporteseli.com\/index.php?rest_route=%2Fwp%2Fv2%2Fproduct_brand&post=35076"},{"taxonomy":"product_cat","embeddable":true,"href":"https:\/\/www.deporteseli.com\/index.php?rest_route=%2Fwp%2Fv2%2Fproduct_cat&post=35076"},{"taxonomy":"product_tag","embeddable":true,"href":"https:\/\/www.deporteseli.com\/index.php?rest_route=%2Fwp%2Fv2%2Fproduct_tag&post=35076"}],"curies":[{"name":"wp","href":"https:\/\/api.w.org\/{rel}","templated":true}]}}