{"id":35071,"date":"2026-01-27T16:41:15","date_gmt":"2026-01-27T16:41:15","guid":{"rendered":"https:\/\/www.deporteseli.com\/?product=camiseta-logo-reebok"},"modified":"2026-04-08T04:17:15","modified_gmt":"2026-04-08T04:17:15","slug":"camiseta-logo-reebok","status":"publish","type":"product","link":"https:\/\/www.deporteseli.com\/?product=camiseta-logo-reebok","title":{"rendered":"CAMISETA LOGO REEBOK"},"content":{"rendered":"<p>Esta camiseta para mujer es todo un  must  para tus d\u00edas m\u00e1s activos. Est\u00e1 confeccionada con algod\u00f3n m\u00e9lange suave. El corte ajustado y el logotipo Reebok en la manga le infunden un look deportivo.  DETALLES  Punto liso 100 % algod\u00f3n.  Corte ajustado.  Cuello redondo.  Dise\u00f1o de manga corta.  Textura m\u00e9lange.  Colaboramos con Better Cotton Initiative, una iniciativa para mejorar el cultivo de algod\u00f3n en el mundo.                                                                                                                                                                                                                                                                                                                                                                                                                                                                                                                                                                                                                                                                                                                                                                                                                                                                                                                                                                                                                                        <\/p>\n","protected":false},"excerpt":{"rendered":"<p>CAMISETA LOGO REEBOK<\/p>\n","protected":false},"featured_media":49799,"template":"","meta":[],"product_brand":[],"product_cat":[269],"product_tag":[41],"class_list":{"0":"post-35071","1":"product","2":"type-product","3":"status-publish","4":"has-post-thumbnail","6":"product_cat-mujer_textil_camisetas","7":"product_tag-reebok","8":"pa_color-unico","9":"pa_talla-m","10":"thunk-woo-product-list","11":"opn-qv-enable","12":"open-woo-hover-","13":"open-single-product-tab-horizontal","14":"open-shadow-","15":"open-shadow-hover-","17":"first","18":"instock","19":"shipping-taxable","20":"purchasable","21":"product-type-variable"},"jetpack_sharing_enabled":true,"_links":{"self":[{"href":"https:\/\/www.deporteseli.com\/index.php?rest_route=\/wp\/v2\/product\/35071","targetHints":{"allow":["GET"]}}],"collection":[{"href":"https:\/\/www.deporteseli.com\/index.php?rest_route=\/wp\/v2\/product"}],"about":[{"href":"https:\/\/www.deporteseli.com\/index.php?rest_route=\/wp\/v2\/types\/product"}],"wp:featuredmedia":[{"embeddable":true,"href":"https:\/\/www.deporteseli.com\/index.php?rest_route=\/wp\/v2\/media\/49799"}],"wp:attachment":[{"href":"https:\/\/www.deporteseli.com\/index.php?rest_route=%2Fwp%2Fv2%2Fmedia&parent=35071"}],"wp:term":[{"taxonomy":"product_brand","embeddable":true,"href":"https:\/\/www.deporteseli.com\/index.php?rest_route=%2Fwp%2Fv2%2Fproduct_brand&post=35071"},{"taxonomy":"product_cat","embeddable":true,"href":"https:\/\/www.deporteseli.com\/index.php?rest_route=%2Fwp%2Fv2%2Fproduct_cat&post=35071"},{"taxonomy":"product_tag","embeddable":true,"href":"https:\/\/www.deporteseli.com\/index.php?rest_route=%2Fwp%2Fv2%2Fproduct_tag&post=35071"}],"curies":[{"name":"wp","href":"https:\/\/api.w.org\/{rel}","templated":true}]}}