{"id":35069,"date":"2026-01-27T16:41:13","date_gmt":"2026-01-27T16:41:13","guid":{"rendered":"https:\/\/www.deporteseli.com\/?product=mochila-pequena-allover-print"},"modified":"2026-01-27T16:41:14","modified_gmt":"2026-01-27T16:41:14","slug":"mochila-pequena-allover-print","status":"publish","type":"product","link":"https:\/\/www.deporteseli.com\/?product=mochila-pequena-allover-print","title":{"rendered":"MOCHILA PEQUE\u00f1A ALLOVER PRINT"},"content":{"rendered":"<p>Una mochila para ni\u00f1os con correa c\u00f3modas.  M\u00e9teles la equipaci\u00f3n de deporte y una merienda en esta mochila para ni\u00f1os. Las correas son acolchadas y se ajustan para adaptarse a su crecimiento. El bolsillo delantero con cremallera es perfecto para tener accesibles sus juguetes y enseres.                                                                                                                                                                                                                                                                                                                                                                                                                                                                                                                                                                                                                                                                                                                                                                                                                                                                                                                                                                                                                                        <\/p>\n","protected":false},"excerpt":{"rendered":"<p>MOCHILA PEQUE\u00f1A ALLOVER PRINT<\/p>\n","protected":false},"featured_media":49796,"template":"","meta":[],"product_brand":[],"product_cat":[401],"product_tag":[41],"class_list":{"0":"post-35069","1":"product","2":"type-product","3":"status-publish","4":"has-post-thumbnail","6":"product_cat-accesorios_mochilas","7":"product_tag-reebok","8":"pa_color-unico","9":"pa_talla-unica","10":"thunk-woo-product-list","11":"opn-qv-enable","12":"open-woo-hover-","13":"open-single-product-tab-horizontal","14":"open-shadow-","15":"open-shadow-hover-","17":"first","18":"instock","19":"shipping-taxable","20":"purchasable","21":"product-type-variable"},"jetpack_sharing_enabled":true,"_links":{"self":[{"href":"https:\/\/www.deporteseli.com\/index.php?rest_route=\/wp\/v2\/product\/35069","targetHints":{"allow":["GET"]}}],"collection":[{"href":"https:\/\/www.deporteseli.com\/index.php?rest_route=\/wp\/v2\/product"}],"about":[{"href":"https:\/\/www.deporteseli.com\/index.php?rest_route=\/wp\/v2\/types\/product"}],"wp:featuredmedia":[{"embeddable":true,"href":"https:\/\/www.deporteseli.com\/index.php?rest_route=\/wp\/v2\/media\/49796"}],"wp:attachment":[{"href":"https:\/\/www.deporteseli.com\/index.php?rest_route=%2Fwp%2Fv2%2Fmedia&parent=35069"}],"wp:term":[{"taxonomy":"product_brand","embeddable":true,"href":"https:\/\/www.deporteseli.com\/index.php?rest_route=%2Fwp%2Fv2%2Fproduct_brand&post=35069"},{"taxonomy":"product_cat","embeddable":true,"href":"https:\/\/www.deporteseli.com\/index.php?rest_route=%2Fwp%2Fv2%2Fproduct_cat&post=35069"},{"taxonomy":"product_tag","embeddable":true,"href":"https:\/\/www.deporteseli.com\/index.php?rest_route=%2Fwp%2Fv2%2Fproduct_tag&post=35069"}],"curies":[{"name":"wp","href":"https:\/\/api.w.org\/{rel}","templated":true}]}}