{"id":35064,"date":"2026-01-27T16:41:06","date_gmt":"2026-01-27T16:41:06","guid":{"rendered":"https:\/\/www.deporteseli.com\/?product=calcetines-deportivos-active-core-3-pares"},"modified":"2026-01-27T16:41:12","modified_gmt":"2026-01-27T16:41:12","slug":"calcetines-deportivos-active-core-3-pares","status":"publish","type":"product","link":"https:\/\/www.deporteseli.com\/?product=calcetines-deportivos-active-core-3-pares","title":{"rendered":"CALCETINES DEPORTIVOS ACTIVE CORE &#8211; 3 PARES"},"content":{"rendered":"<p>Unos calcetines de algod\u00f3n con pu\u00f1os en canal\u00e9.  Cuida tus pies durante tus series de lunges y escaleras. Estos calcetines deportivos est\u00e1n hechos de algod\u00f3n para una sensaci\u00f3n agradable. Los pu\u00f1os en canal\u00e9 evitan que se arruguen mientras lo das todo en tus ejercicios pliom\u00e9tricos. Estos calcetines deportivos vienen en un pack de tres pares.                                                                                                                                                                                                                                                                                                                                                                                                                                                                                                                                                                                                                                                                                                                                                                                                                                                                                                                                                                                                                                        <\/p>\n","protected":false},"excerpt":{"rendered":"<p>CALCETINES DEPORTIVOS ACTIVE CORE &#8211; 3 PARES<\/p>\n","protected":false},"featured_media":49795,"template":"","meta":[],"product_brand":[],"product_cat":[400],"product_tag":[41],"class_list":{"0":"post-35064","1":"product","2":"type-product","3":"status-publish","4":"has-post-thumbnail","6":"product_cat-accesorios_calcetines","7":"product_tag-reebok","8":"pa_color-unico","9":"pa_talla-31-34","10":"pa_talla-35-38","11":"pa_talla-39-42","12":"pa_talla-43-46","13":"thunk-woo-product-list","14":"opn-qv-enable","15":"open-woo-hover-","16":"open-single-product-tab-horizontal","17":"open-shadow-","18":"open-shadow-hover-","20":"first","21":"instock","22":"shipping-taxable","23":"purchasable","24":"product-type-variable"},"jetpack_sharing_enabled":true,"_links":{"self":[{"href":"https:\/\/www.deporteseli.com\/index.php?rest_route=\/wp\/v2\/product\/35064","targetHints":{"allow":["GET"]}}],"collection":[{"href":"https:\/\/www.deporteseli.com\/index.php?rest_route=\/wp\/v2\/product"}],"about":[{"href":"https:\/\/www.deporteseli.com\/index.php?rest_route=\/wp\/v2\/types\/product"}],"wp:featuredmedia":[{"embeddable":true,"href":"https:\/\/www.deporteseli.com\/index.php?rest_route=\/wp\/v2\/media\/49795"}],"wp:attachment":[{"href":"https:\/\/www.deporteseli.com\/index.php?rest_route=%2Fwp%2Fv2%2Fmedia&parent=35064"}],"wp:term":[{"taxonomy":"product_brand","embeddable":true,"href":"https:\/\/www.deporteseli.com\/index.php?rest_route=%2Fwp%2Fv2%2Fproduct_brand&post=35064"},{"taxonomy":"product_cat","embeddable":true,"href":"https:\/\/www.deporteseli.com\/index.php?rest_route=%2Fwp%2Fv2%2Fproduct_cat&post=35064"},{"taxonomy":"product_tag","embeddable":true,"href":"https:\/\/www.deporteseli.com\/index.php?rest_route=%2Fwp%2Fv2%2Fproduct_tag&post=35064"}],"curies":[{"name":"wp","href":"https:\/\/api.w.org\/{rel}","templated":true}]}}