{"id":35058,"date":"2026-01-27T16:40:59","date_gmt":"2026-01-27T16:40:59","guid":{"rendered":"https:\/\/www.deporteseli.com\/?product=banda-elastica-latex-softee"},"modified":"2026-01-27T16:41:01","modified_gmt":"2026-01-27T16:41:01","slug":"banda-elastica-latex-softee","status":"publish","type":"product","link":"https:\/\/www.deporteseli.com\/?product=banda-elastica-latex-softee","title":{"rendered":"BANDA EL\u00e1STICA L\u00e1TEX SOFTEE"},"content":{"rendered":"<p>&#8211; Material deportivo hecho de l\u00e1tex que cuenta con una densidad media, perfecta para que    tonifiques tus m\u00fasculos y consigas mayor resistencia, movilidad y flexibilidad.  &#8211; Ideal para realizar Yoga, Pilates o ejercicios aer\u00f3bicos.  &#8211; Desarrolla la fuerza, la coordinaci\u00f3n y el equilibrio.  &#8211; Medida: 1,5 m.                                                                                                                                                                                                                                                                                                                                                                                                                                                                                                                                                                                                                                                                                                                                                                                                                                                                                                                                                                                                                                        <\/p>\n","protected":false},"excerpt":{"rendered":"<p>BANDA EL\u00e1STICA L\u00e1TEX SOFTEE<\/p>\n","protected":false},"featured_media":49789,"template":"","meta":[],"product_brand":[],"product_cat":[424],"product_tag":[49],"class_list":{"0":"post-35058","1":"product","2":"type-product","3":"status-publish","4":"has-post-thumbnail","6":"product_cat-accesorios_bandas_elasticas","7":"product_tag-softee","8":"pa_color-unico","9":"pa_talla-unica","10":"thunk-woo-product-list","11":"opn-qv-enable","12":"open-woo-hover-","13":"open-single-product-tab-horizontal","14":"open-shadow-","15":"open-shadow-hover-","17":"first","18":"instock","19":"shipping-taxable","20":"purchasable","21":"product-type-variable"},"jetpack_sharing_enabled":true,"_links":{"self":[{"href":"https:\/\/www.deporteseli.com\/index.php?rest_route=\/wp\/v2\/product\/35058","targetHints":{"allow":["GET"]}}],"collection":[{"href":"https:\/\/www.deporteseli.com\/index.php?rest_route=\/wp\/v2\/product"}],"about":[{"href":"https:\/\/www.deporteseli.com\/index.php?rest_route=\/wp\/v2\/types\/product"}],"wp:featuredmedia":[{"embeddable":true,"href":"https:\/\/www.deporteseli.com\/index.php?rest_route=\/wp\/v2\/media\/49789"}],"wp:attachment":[{"href":"https:\/\/www.deporteseli.com\/index.php?rest_route=%2Fwp%2Fv2%2Fmedia&parent=35058"}],"wp:term":[{"taxonomy":"product_brand","embeddable":true,"href":"https:\/\/www.deporteseli.com\/index.php?rest_route=%2Fwp%2Fv2%2Fproduct_brand&post=35058"},{"taxonomy":"product_cat","embeddable":true,"href":"https:\/\/www.deporteseli.com\/index.php?rest_route=%2Fwp%2Fv2%2Fproduct_cat&post=35058"},{"taxonomy":"product_tag","embeddable":true,"href":"https:\/\/www.deporteseli.com\/index.php?rest_route=%2Fwp%2Fv2%2Fproduct_tag&post=35058"}],"curies":[{"name":"wp","href":"https:\/\/api.w.org\/{rel}","templated":true}]}}