{"id":35056,"date":"2026-01-27T16:40:57","date_gmt":"2026-01-27T16:40:57","guid":{"rendered":"https:\/\/www.deporteseli.com\/?product=banador-slip-fitness-3-bandas"},"modified":"2026-01-27T16:40:58","modified_gmt":"2026-01-27T16:40:58","slug":"banador-slip-fitness-3-bandas","status":"publish","type":"product","link":"https:\/\/www.deporteseli.com\/?product=banador-slip-fitness-3-bandas","title":{"rendered":"BA\u00f1ADOR SLIP FITNESS 3 BANDAS"},"content":{"rendered":"<p>IMPULSA TU ENTRENAMIENTO EN EL AGUA  Completa c\u00f3modamente los ejercicios de tabla en la piscina. Este ba\u00f1ador se ha dise\u00f1ado para sacar el m\u00e1ximo partido a tu entrenamiento. Se ha confeccionado en un tejido resistente al cloro con hilo reciclado a partir de redes de pesca.  DETALLES  Punto 78% nailon reciclado \/ 22% elast\u00e1n  Cord\u00f3n en la parte interior de la cintura  Tejido Infinitex Fitness Eco resistente al cloro  este ba\u00f1ador se ha confeccionado con hilo ECONYL\u00ae reciclado a partir de redes de pesca y otros tejidos de nailon  Color del art\u00edculo: Black \/ White  N\u00famero de art\u00edculo: DP7536                                                                                                                                                                                                                                                                                                                                                                                                                                                                                                                                                                                                                                                                                                                                                                                                                                                                                                                                                                                                                                        <\/p>\n","protected":false},"excerpt":{"rendered":"<p>BA\u00f1ADOR SLIP FITNESS 3 BANDAS<\/p>\n","protected":false},"featured_media":49788,"template":"","meta":[],"product_brand":[],"product_cat":[246],"product_tag":[18],"class_list":{"0":"post-35056","1":"product","2":"type-product","3":"status-publish","4":"has-post-thumbnail","6":"product_cat-hombre_textil_banadores","7":"product_tag-adidas","8":"pa_color-unico","9":"pa_talla-t-8","10":"thunk-woo-product-list","11":"opn-qv-enable","12":"open-woo-hover-","13":"open-single-product-tab-horizontal","14":"open-shadow-","15":"open-shadow-hover-","17":"first","18":"instock","19":"shipping-taxable","20":"purchasable","21":"product-type-variable"},"jetpack_sharing_enabled":true,"_links":{"self":[{"href":"https:\/\/www.deporteseli.com\/index.php?rest_route=\/wp\/v2\/product\/35056","targetHints":{"allow":["GET"]}}],"collection":[{"href":"https:\/\/www.deporteseli.com\/index.php?rest_route=\/wp\/v2\/product"}],"about":[{"href":"https:\/\/www.deporteseli.com\/index.php?rest_route=\/wp\/v2\/types\/product"}],"wp:featuredmedia":[{"embeddable":true,"href":"https:\/\/www.deporteseli.com\/index.php?rest_route=\/wp\/v2\/media\/49788"}],"wp:attachment":[{"href":"https:\/\/www.deporteseli.com\/index.php?rest_route=%2Fwp%2Fv2%2Fmedia&parent=35056"}],"wp:term":[{"taxonomy":"product_brand","embeddable":true,"href":"https:\/\/www.deporteseli.com\/index.php?rest_route=%2Fwp%2Fv2%2Fproduct_brand&post=35056"},{"taxonomy":"product_cat","embeddable":true,"href":"https:\/\/www.deporteseli.com\/index.php?rest_route=%2Fwp%2Fv2%2Fproduct_cat&post=35056"},{"taxonomy":"product_tag","embeddable":true,"href":"https:\/\/www.deporteseli.com\/index.php?rest_route=%2Fwp%2Fv2%2Fproduct_tag&post=35056"}],"curies":[{"name":"wp","href":"https:\/\/api.w.org\/{rel}","templated":true}]}}