{"id":35040,"date":"2026-01-27T16:40:36","date_gmt":"2026-01-27T16:40:36","guid":{"rendered":"https:\/\/www.deporteseli.com\/?product=zapatilla-lite-racer-2-0"},"modified":"2026-02-12T19:38:53","modified_gmt":"2026-02-12T19:38:53","slug":"zapatilla-lite-racer-2-0","status":"publish","type":"product","link":"https:\/\/www.deporteseli.com\/?product=zapatilla-lite-racer-2-0","title":{"rendered":"ZAPATILLA LITE RACER 2.0"},"content":{"rendered":"<p>CONFORT Y ESTILO  Un look din\u00e1mico acorde con su estilo de vida activo. Esta zapatilla para futuros atletas luce un dise\u00f1o vers\u00e1til de inspiraci\u00f3n deportiva. La parte superior transpirable y la mediasuela ligera se combinan para ofrecerle una mayor comodidad. Las 3 bandas selladas son el sello de un estilo genuino.  DETALLES  Horma cl\u00e1sica  Cierre de cordones  Parte superior de malla  Zapatilla de inspiraci\u00f3n deportiva para el d\u00eda a d\u00eda  Suela y mediasuela de EVA  Color del art\u00edculo: Dark Blue \/ Cloud White \/ Core Black  N\u00famero de art\u00edculo: EH1425                                                                                                                                                                                                                                                                                                                                                                                                                                                                                                                                                                                                                                                                                                                                                                                                                                                                                                                                                                                                                                        <\/p>\n","protected":false},"excerpt":{"rendered":"<p>ZAPATILLA LITE RACER 2.0<\/p>\n","protected":false},"featured_media":49776,"template":"","meta":[],"product_brand":[],"product_cat":[237],"product_tag":[18],"class_list":{"0":"post-35040","1":"product","2":"type-product","3":"status-publish","4":"has-post-thumbnail","6":"product_cat-outlet_calzado","7":"product_tag-adidas","8":"pa_color-unico","9":"pa_talla-t-21","10":"thunk-woo-product-list","11":"opn-qv-enable","12":"open-woo-hover-","13":"open-single-product-tab-horizontal","14":"open-shadow-","15":"open-shadow-hover-","17":"first","18":"instock","19":"shipping-taxable","20":"purchasable","21":"product-type-variable"},"jetpack_sharing_enabled":true,"_links":{"self":[{"href":"https:\/\/www.deporteseli.com\/index.php?rest_route=\/wp\/v2\/product\/35040","targetHints":{"allow":["GET"]}}],"collection":[{"href":"https:\/\/www.deporteseli.com\/index.php?rest_route=\/wp\/v2\/product"}],"about":[{"href":"https:\/\/www.deporteseli.com\/index.php?rest_route=\/wp\/v2\/types\/product"}],"wp:featuredmedia":[{"embeddable":true,"href":"https:\/\/www.deporteseli.com\/index.php?rest_route=\/wp\/v2\/media\/49776"}],"wp:attachment":[{"href":"https:\/\/www.deporteseli.com\/index.php?rest_route=%2Fwp%2Fv2%2Fmedia&parent=35040"}],"wp:term":[{"taxonomy":"product_brand","embeddable":true,"href":"https:\/\/www.deporteseli.com\/index.php?rest_route=%2Fwp%2Fv2%2Fproduct_brand&post=35040"},{"taxonomy":"product_cat","embeddable":true,"href":"https:\/\/www.deporteseli.com\/index.php?rest_route=%2Fwp%2Fv2%2Fproduct_cat&post=35040"},{"taxonomy":"product_tag","embeddable":true,"href":"https:\/\/www.deporteseli.com\/index.php?rest_route=%2Fwp%2Fv2%2Fproduct_tag&post=35040"}],"curies":[{"name":"wp","href":"https:\/\/api.w.org\/{rel}","templated":true}]}}