{"id":35029,"date":"2026-01-27T16:40:18","date_gmt":"2026-01-27T16:40:18","guid":{"rendered":"https:\/\/www.deporteseli.com\/?product=chancla-adilette-aqua-2"},"modified":"2026-04-24T04:17:22","modified_gmt":"2026-04-24T04:17:22","slug":"chancla-adilette-aqua-2","status":"publish","type":"product","link":"https:\/\/www.deporteseli.com\/?product=chancla-adilette-aqua-2","title":{"rendered":"CHANCLA ADILETTE AQUA"},"content":{"rendered":"<p>LA AUTENTICIDAD DEL ORIGINAL  Rel\u00e1jate despu\u00e9s de la sesi\u00f3n de piscina con esta chancla ideal para la ducha. Su dise\u00f1o sencillo muestra el aut\u00e9ntico legado de adidas con las emblem\u00e1ticas 3 bandas. Incorpora una mediasuela c\u00f3moda y suave que reconforta los pies cansados.  Horma cl\u00e1sica  Dise\u00f1o f\u00e1cil de poner y quitar  Banda de EVA moldeada de una sola pieza  Suela de EVA  Plantilla Cloudfoam suave  Dise\u00f1o ligero  material de secado r\u00e1pido  Color del art\u00edculo: Dark Blue \/ Cloud White \/ Dark Blue  N\u00famero de art\u00edculo: F35542                                                                                                                                                                                                                                                                                                                                                                                                                                                                                                                                                                                                                                                                                                                                                                                                                                                                                                                                                                                                                                        <\/p>\n","protected":false},"excerpt":{"rendered":"<p>CHANCLA ADILETTE AQUA<\/p>\n","protected":false},"featured_media":49772,"template":"","meta":[],"product_brand":[],"product_cat":[265],"product_tag":[18],"class_list":{"0":"post-35029","1":"product","2":"type-product","3":"status-publish","4":"has-post-thumbnail","6":"product_cat-hombre_calzado_cholas","7":"product_tag-adidas","8":"pa_color-unico","9":"pa_talla-143","10":"pa_talla-145","11":"pa_talla-147","12":"pa_talla-40-5","13":"pa_talla-153","14":"pa_talla-155","15":"pa_talla-44-5","16":"pa_talla-161","17":"pa_talla-163","18":"pa_talla-164","19":"thunk-woo-product-list","20":"opn-qv-enable","21":"open-woo-hover-","22":"open-single-product-tab-horizontal","23":"open-shadow-","24":"open-shadow-hover-","26":"first","27":"instock","28":"shipping-taxable","29":"purchasable","30":"product-type-variable"},"jetpack_sharing_enabled":true,"_links":{"self":[{"href":"https:\/\/www.deporteseli.com\/index.php?rest_route=\/wp\/v2\/product\/35029","targetHints":{"allow":["GET"]}}],"collection":[{"href":"https:\/\/www.deporteseli.com\/index.php?rest_route=\/wp\/v2\/product"}],"about":[{"href":"https:\/\/www.deporteseli.com\/index.php?rest_route=\/wp\/v2\/types\/product"}],"wp:featuredmedia":[{"embeddable":true,"href":"https:\/\/www.deporteseli.com\/index.php?rest_route=\/wp\/v2\/media\/49772"}],"wp:attachment":[{"href":"https:\/\/www.deporteseli.com\/index.php?rest_route=%2Fwp%2Fv2%2Fmedia&parent=35029"}],"wp:term":[{"taxonomy":"product_brand","embeddable":true,"href":"https:\/\/www.deporteseli.com\/index.php?rest_route=%2Fwp%2Fv2%2Fproduct_brand&post=35029"},{"taxonomy":"product_cat","embeddable":true,"href":"https:\/\/www.deporteseli.com\/index.php?rest_route=%2Fwp%2Fv2%2Fproduct_cat&post=35029"},{"taxonomy":"product_tag","embeddable":true,"href":"https:\/\/www.deporteseli.com\/index.php?rest_route=%2Fwp%2Fv2%2Fproduct_tag&post=35029"}],"curies":[{"name":"wp","href":"https:\/\/api.w.org\/{rel}","templated":true}]}}