{"id":35027,"date":"2026-01-27T16:40:15","date_gmt":"2026-01-27T16:40:15","guid":{"rendered":"https:\/\/www.deporteseli.com\/?product=pinza-de-nariz-competicion-gris-azul-speedo"},"modified":"2026-02-28T05:17:43","modified_gmt":"2026-02-28T05:17:43","slug":"pinza-de-nariz-competicion-gris-azul-speedo","status":"publish","type":"product","link":"https:\/\/www.deporteseli.com\/?product=pinza-de-nariz-competicion-gris-azul-speedo","title":{"rendered":"PINZA DE NARIZ COMPETICI\u00f3N GRIS AZUL SPEEDO"},"content":{"rendered":"<p>Pinzas para la nariz de competici\u00f3n, ideal para los entrenamientos. Estas pinzas para la nariz evitan cualquier penetraci\u00f3n del agua en las paredes nasales y facilitan la concentraci\u00f3n en la nataci\u00f3n.                                                                                                                                                                                                                                                                                                                                                                                                                                                                                                                                                                                                                                                                                                                                                                                                                                                                                                                                                                                                                                        <\/p>\n","protected":false},"excerpt":{"rendered":"<p>PINZA DE NARIZ COMPETICI\u00f3N GRIS AZUL SPEEDO<\/p>\n","protected":false},"featured_media":49771,"template":"","meta":[],"product_brand":[],"product_cat":[336],"product_tag":[42],"class_list":{"0":"post-35027","1":"product","2":"type-product","3":"status-publish","4":"has-post-thumbnail","6":"product_cat-deportes_piscina_pinzas","7":"product_tag-speedo","8":"pa_color-unico","9":"pa_talla-unica","10":"thunk-woo-product-list","11":"opn-qv-enable","12":"open-woo-hover-","13":"open-single-product-tab-horizontal","14":"open-shadow-","15":"open-shadow-hover-","17":"first","18":"instock","19":"shipping-taxable","20":"purchasable","21":"product-type-variable"},"jetpack_sharing_enabled":true,"_links":{"self":[{"href":"https:\/\/www.deporteseli.com\/index.php?rest_route=\/wp\/v2\/product\/35027","targetHints":{"allow":["GET"]}}],"collection":[{"href":"https:\/\/www.deporteseli.com\/index.php?rest_route=\/wp\/v2\/product"}],"about":[{"href":"https:\/\/www.deporteseli.com\/index.php?rest_route=\/wp\/v2\/types\/product"}],"wp:featuredmedia":[{"embeddable":true,"href":"https:\/\/www.deporteseli.com\/index.php?rest_route=\/wp\/v2\/media\/49771"}],"wp:attachment":[{"href":"https:\/\/www.deporteseli.com\/index.php?rest_route=%2Fwp%2Fv2%2Fmedia&parent=35027"}],"wp:term":[{"taxonomy":"product_brand","embeddable":true,"href":"https:\/\/www.deporteseli.com\/index.php?rest_route=%2Fwp%2Fv2%2Fproduct_brand&post=35027"},{"taxonomy":"product_cat","embeddable":true,"href":"https:\/\/www.deporteseli.com\/index.php?rest_route=%2Fwp%2Fv2%2Fproduct_cat&post=35027"},{"taxonomy":"product_tag","embeddable":true,"href":"https:\/\/www.deporteseli.com\/index.php?rest_route=%2Fwp%2Fv2%2Fproduct_tag&post=35027"}],"curies":[{"name":"wp","href":"https:\/\/api.w.org\/{rel}","templated":true}]}}