{"id":35022,"date":"2026-01-27T16:40:09","date_gmt":"2026-01-27T16:40:09","guid":{"rendered":"https:\/\/www.deporteseli.com\/?product=manguito-nike-n0003146027"},"modified":"2026-01-27T16:40:12","modified_gmt":"2026-01-27T16:40:12","slug":"manguito-nike-n0003146027","status":"publish","type":"product","link":"https:\/\/www.deporteseli.com\/?product=manguito-nike-n0003146027","title":{"rendered":"MANGUITO NIKE N0003146027"},"content":{"rendered":"<p>El manguito de compresi\u00f3n Nike Pro Elite Sleeve 2.0 tiene protecci\u00f3n UVA y UVB en la zona cubierta de la manga. El material absorbe el sudor para mantenerlo seco mientras que sus costuras planas le proporcionar\u00e1n una sensaci\u00f3n agradable y suave.    Caracter\u00edsticas:  &#8211; Composici\u00f3n: 80% Poliester &#8211; 15% elastano &#8211; 5% silicona                                                                                                                                                                                                                                                                                                                                                                                                                                                                                                                                                                                                                                                                                                                                                                                                                                                                                                                                                                                                                                        <\/p>\n","protected":false},"excerpt":{"rendered":"<p>MANGUITO NIKE N0003146027<\/p>\n","protected":false},"featured_media":49768,"template":"","meta":[],"product_brand":[],"product_cat":[242],"product_tag":[37],"class_list":{"0":"post-35022","1":"product","2":"type-product","3":"status-publish","4":"has-post-thumbnail","6":"product_cat-unisex_accesorios","7":"product_tag-nike","8":"pa_color-unico","9":"pa_talla-l","10":"pa_talla-s","11":"thunk-woo-product-list","12":"opn-qv-enable","13":"open-woo-hover-","14":"open-single-product-tab-horizontal","15":"open-shadow-","16":"open-shadow-hover-","18":"first","19":"instock","20":"shipping-taxable","21":"purchasable","22":"product-type-variable"},"jetpack_sharing_enabled":true,"_links":{"self":[{"href":"https:\/\/www.deporteseli.com\/index.php?rest_route=\/wp\/v2\/product\/35022","targetHints":{"allow":["GET"]}}],"collection":[{"href":"https:\/\/www.deporteseli.com\/index.php?rest_route=\/wp\/v2\/product"}],"about":[{"href":"https:\/\/www.deporteseli.com\/index.php?rest_route=\/wp\/v2\/types\/product"}],"wp:featuredmedia":[{"embeddable":true,"href":"https:\/\/www.deporteseli.com\/index.php?rest_route=\/wp\/v2\/media\/49768"}],"wp:attachment":[{"href":"https:\/\/www.deporteseli.com\/index.php?rest_route=%2Fwp%2Fv2%2Fmedia&parent=35022"}],"wp:term":[{"taxonomy":"product_brand","embeddable":true,"href":"https:\/\/www.deporteseli.com\/index.php?rest_route=%2Fwp%2Fv2%2Fproduct_brand&post=35022"},{"taxonomy":"product_cat","embeddable":true,"href":"https:\/\/www.deporteseli.com\/index.php?rest_route=%2Fwp%2Fv2%2Fproduct_cat&post=35022"},{"taxonomy":"product_tag","embeddable":true,"href":"https:\/\/www.deporteseli.com\/index.php?rest_route=%2Fwp%2Fv2%2Fproduct_tag&post=35022"}],"curies":[{"name":"wp","href":"https:\/\/api.w.org\/{rel}","templated":true}]}}