{"id":35002,"date":"2026-01-27T16:39:37","date_gmt":"2026-01-27T16:39:37","guid":{"rendered":"https:\/\/www.deporteseli.com\/?product=adilette-aqua"},"modified":"2026-04-14T04:17:17","modified_gmt":"2026-04-14T04:17:17","slug":"adilette-aqua","status":"publish","type":"product","link":"https:\/\/www.deporteseli.com\/?product=adilette-aqua","title":{"rendered":"ADILETTE AQUA"},"content":{"rendered":"<p>Rel\u00e1jate despu\u00e9s de la sesi\u00f3n de piscina con esta chancla ideal para la ducha. Su dise\u00f1o sencillo muestra el aut\u00e9ntico legado de adidas con las emblem\u00e1ticas 3 bandas. Incorpora una mediasuela c\u00f3moda y suave que reconforta los pies cansados.                                                                                                                                                                                                                                                                                                                                                                                                                                                                                                                                                                                                                                                                                                                                                                                                                                                                                                                                                                                                                                        <\/p>\n","protected":false},"excerpt":{"rendered":"<p>ADILETTE AQUA<\/p>\n","protected":false},"featured_media":49761,"template":"","meta":[],"product_brand":[],"product_cat":[265],"product_tag":[18],"class_list":{"0":"post-35002","1":"product","2":"type-product","3":"status-publish","4":"has-post-thumbnail","6":"product_cat-hombre_calzado_cholas","7":"product_tag-adidas","8":"pa_color-unico","9":"pa_talla-147","10":"pa_talla-40-5","11":"pa_talla-153","12":"pa_talla-155","13":"pa_talla-44-5","14":"pa_talla-161","15":"pa_talla-163","16":"pa_talla-164","17":"thunk-woo-product-list","18":"opn-qv-enable","19":"open-woo-hover-","20":"open-single-product-tab-horizontal","21":"open-shadow-","22":"open-shadow-hover-","24":"first","25":"instock","26":"shipping-taxable","27":"purchasable","28":"product-type-variable"},"jetpack_sharing_enabled":true,"_links":{"self":[{"href":"https:\/\/www.deporteseli.com\/index.php?rest_route=\/wp\/v2\/product\/35002","targetHints":{"allow":["GET"]}}],"collection":[{"href":"https:\/\/www.deporteseli.com\/index.php?rest_route=\/wp\/v2\/product"}],"about":[{"href":"https:\/\/www.deporteseli.com\/index.php?rest_route=\/wp\/v2\/types\/product"}],"wp:featuredmedia":[{"embeddable":true,"href":"https:\/\/www.deporteseli.com\/index.php?rest_route=\/wp\/v2\/media\/49761"}],"wp:attachment":[{"href":"https:\/\/www.deporteseli.com\/index.php?rest_route=%2Fwp%2Fv2%2Fmedia&parent=35002"}],"wp:term":[{"taxonomy":"product_brand","embeddable":true,"href":"https:\/\/www.deporteseli.com\/index.php?rest_route=%2Fwp%2Fv2%2Fproduct_brand&post=35002"},{"taxonomy":"product_cat","embeddable":true,"href":"https:\/\/www.deporteseli.com\/index.php?rest_route=%2Fwp%2Fv2%2Fproduct_cat&post=35002"},{"taxonomy":"product_tag","embeddable":true,"href":"https:\/\/www.deporteseli.com\/index.php?rest_route=%2Fwp%2Fv2%2Fproduct_tag&post=35002"}],"curies":[{"name":"wp","href":"https:\/\/api.w.org\/{rel}","templated":true}]}}