{"id":34995,"date":"2026-01-27T16:39:30","date_gmt":"2026-01-27T16:39:30","guid":{"rendered":"https:\/\/www.deporteseli.com\/?product=bolas-head-tour-2"},"modified":"2026-04-14T04:17:16","modified_gmt":"2026-04-14T04:17:16","slug":"bolas-head-tour-2","status":"publish","type":"product","link":"https:\/\/www.deporteseli.com\/?product=bolas-head-tour-2","title":{"rendered":"BOLAS HEAD TOUR"},"content":{"rendered":"<p>La pelota Head ATP se convierte en la Head Tour Un nombre diferente pero un embalaje similar y rendimiento id\u00e9ntico, lo que permite conservar la calidad de una pelota m\u00edtica! Siempre la misma vivacidad, control, toma de efecto y una m\u00e1xima durabilidad! Las tecnolog\u00edas Encore y el fieltro SmartOptik para una mejor visibilidad continuan siendo parte de los companentes.   Peque\u00f1a innovaci\u00f3n pero muy pr\u00e1ctico para un jugador de tennis, el tubo y la tapa del tubo ahora son uno solo para nunca m\u00e1s perder la tapa  Observaci\u00f3n: 1 bote  4 bolas.                                                                                                                                                                                                                                                                                                                                                                                                                                                                                                                                                                                                                                                                                                                                                                                                                                                                                                                                                                                                                                        <\/p>\n","protected":false},"excerpt":{"rendered":"<p>BOLAS HEAD TOUR<\/p>\n","protected":false},"featured_media":49759,"template":"","meta":[],"product_brand":[],"product_cat":[356],"product_tag":[22],"class_list":{"0":"post-34995","1":"product","2":"type-product","3":"status-publish","4":"has-post-thumbnail","6":"product_cat-padel_y_tenis_bolas","7":"product_tag-head","8":"pa_color-unico","9":"pa_talla-unica","10":"thunk-woo-product-list","11":"opn-qv-enable","12":"open-woo-hover-","13":"open-single-product-tab-horizontal","14":"open-shadow-","15":"open-shadow-hover-","17":"first","18":"instock","19":"shipping-taxable","20":"purchasable","21":"product-type-variable"},"jetpack_sharing_enabled":true,"_links":{"self":[{"href":"https:\/\/www.deporteseli.com\/index.php?rest_route=\/wp\/v2\/product\/34995","targetHints":{"allow":["GET"]}}],"collection":[{"href":"https:\/\/www.deporteseli.com\/index.php?rest_route=\/wp\/v2\/product"}],"about":[{"href":"https:\/\/www.deporteseli.com\/index.php?rest_route=\/wp\/v2\/types\/product"}],"wp:featuredmedia":[{"embeddable":true,"href":"https:\/\/www.deporteseli.com\/index.php?rest_route=\/wp\/v2\/media\/49759"}],"wp:attachment":[{"href":"https:\/\/www.deporteseli.com\/index.php?rest_route=%2Fwp%2Fv2%2Fmedia&parent=34995"}],"wp:term":[{"taxonomy":"product_brand","embeddable":true,"href":"https:\/\/www.deporteseli.com\/index.php?rest_route=%2Fwp%2Fv2%2Fproduct_brand&post=34995"},{"taxonomy":"product_cat","embeddable":true,"href":"https:\/\/www.deporteseli.com\/index.php?rest_route=%2Fwp%2Fv2%2Fproduct_cat&post=34995"},{"taxonomy":"product_tag","embeddable":true,"href":"https:\/\/www.deporteseli.com\/index.php?rest_route=%2Fwp%2Fv2%2Fproduct_tag&post=34995"}],"curies":[{"name":"wp","href":"https:\/\/api.w.org\/{rel}","templated":true}]}}