{"id":34991,"date":"2026-01-27T16:39:25","date_gmt":"2026-01-27T16:39:25","guid":{"rendered":"https:\/\/www.deporteseli.com\/?product=gafas-aqua-sphere-kameleon"},"modified":"2026-01-27T16:39:26","modified_gmt":"2026-01-27T16:39:26","slug":"gafas-aqua-sphere-kameleon","status":"publish","type":"product","link":"https:\/\/www.deporteseli.com\/?product=gafas-aqua-sphere-kameleon","title":{"rendered":"GAFAS AQUA SPHERE KAMELEON"},"content":{"rendered":"<p>La innovadora gafa de nataci\u00f3n Kameleon es la gafa acu\u00e1tica hidrodin\u00e1mica a un precio asequible. Combina la tecnolog\u00eda patentada de lentes curvadas de Aqua Sphere, su dise\u00f1o de perfil bajo, tiras integradas y hebillas f\u00e1cilmente ajustables para ofrecerte una experiencia \u00fanica en el agua.  Caracteristicas:  &#8211; La geometr\u00eda de lente curvada y patentada proporciona una amplia visi\u00f3n perif\u00e9rica.  &#8211; La junta anat\u00f3mica y asim\u00e9trica de Softeril proporciona un ajuste c\u00f3modo y una estanqueidad perfecta.  &#8211; Dise\u00f1o integrado de tiras y hebilla de bajo perfil para una mejor hidrodin\u00e1mica.  &#8211; Hebilla regulable EZ que permite un ajuste r\u00e1pido y sencillo.  &#8211; 100 % de protecci\u00f3n UVA\/UVB.  &#8211; Lentes antivaho y resistentes a los ara\u00f1azos.  Especificaciones:  &#8211; Lentes de plexisol.  &#8211; Juntas de Softeril.  &#8211; Tiras de silicona.                                                                                                                                                                                                                                                                                                                                                                                                                                                                                                                                                                                                                                                                                                                                                                                                                                                                                                                                                                                                                                        <\/p>\n","protected":false},"excerpt":{"rendered":"<p>GAFAS AQUA SPHERE KAMELEON<\/p>\n","protected":false},"featured_media":49757,"template":"","meta":[],"product_brand":[],"product_cat":[332],"product_tag":[45],"class_list":{"0":"post-34991","1":"product","2":"type-product","3":"status-publish","4":"has-post-thumbnail","6":"product_cat-deportes_piscina_gafas","7":"product_tag-aqua_sphere","8":"pa_color-unico","9":"pa_talla-unica","10":"thunk-woo-product-list","11":"opn-qv-enable","12":"open-woo-hover-","13":"open-single-product-tab-horizontal","14":"open-shadow-","15":"open-shadow-hover-","17":"first","18":"instock","19":"shipping-taxable","20":"purchasable","21":"product-type-variable"},"jetpack_sharing_enabled":true,"_links":{"self":[{"href":"https:\/\/www.deporteseli.com\/index.php?rest_route=\/wp\/v2\/product\/34991","targetHints":{"allow":["GET"]}}],"collection":[{"href":"https:\/\/www.deporteseli.com\/index.php?rest_route=\/wp\/v2\/product"}],"about":[{"href":"https:\/\/www.deporteseli.com\/index.php?rest_route=\/wp\/v2\/types\/product"}],"wp:featuredmedia":[{"embeddable":true,"href":"https:\/\/www.deporteseli.com\/index.php?rest_route=\/wp\/v2\/media\/49757"}],"wp:attachment":[{"href":"https:\/\/www.deporteseli.com\/index.php?rest_route=%2Fwp%2Fv2%2Fmedia&parent=34991"}],"wp:term":[{"taxonomy":"product_brand","embeddable":true,"href":"https:\/\/www.deporteseli.com\/index.php?rest_route=%2Fwp%2Fv2%2Fproduct_brand&post=34991"},{"taxonomy":"product_cat","embeddable":true,"href":"https:\/\/www.deporteseli.com\/index.php?rest_route=%2Fwp%2Fv2%2Fproduct_cat&post=34991"},{"taxonomy":"product_tag","embeddable":true,"href":"https:\/\/www.deporteseli.com\/index.php?rest_route=%2Fwp%2Fv2%2Fproduct_tag&post=34991"}],"curies":[{"name":"wp","href":"https:\/\/api.w.org\/{rel}","templated":true}]}}