{"id":34989,"date":"2026-01-27T16:39:22","date_gmt":"2026-01-27T16:39:22","guid":{"rendered":"https:\/\/www.deporteseli.com\/?product=calcetines-tobilleros-acolchados-3-pares"},"modified":"2026-01-27T16:39:24","modified_gmt":"2026-01-27T16:39:24","slug":"calcetines-tobilleros-acolchados-3-pares","status":"publish","type":"product","link":"https:\/\/www.deporteseli.com\/?product=calcetines-tobilleros-acolchados-3-pares","title":{"rendered":"CALCETINES TOBILLEROS ACOLCHADOS 3 PARES"},"content":{"rendered":"<p>UN TR\u00cdO DE CALCETINES DEPORTIVOS CON MUCHA AMORTIGUACI\u00d3N.  La amortiguaci\u00f3n del tal\u00f3n a la punta hace que estos calcetines hasta los tobillos sean s\u00faper c\u00f3modos. El soporte del arco tejido y la costura suave de la puntera les dan un ajuste y una sensaci\u00f3n ce\u00f1idos. El dise\u00f1o rico en algod\u00f3n tiene un acabado con la marca adidas deportiva.  ESPECIFICACIONES  La altura del tobillo  57% algod\u00f3n \/ 41% poli\u00e9ster \/ 2% elastano  Tres pares por paquete  Amortiguaci\u00f3n desde el tal\u00f3n hasta la puntera  Costura enlazada en la puntera para una sensaci\u00f3n suave  Soporte del arco  Calcetines (A&amp;G)  Color del producto: negro \/ negro \/ negro  C\u00f3digo de producto: DZ9379                                                                                                                                                                                                                                                                                                                                                                                                                                                                                                                                                                                                                                                                                                                                                                                                                                                                                                                                                                                                                                        <\/p>\n","protected":false},"excerpt":{"rendered":"<p>CALCETINES TOBILLEROS ACOLCHADOS 3 PARES<\/p>\n","protected":false},"featured_media":49756,"template":"","meta":[],"product_brand":[],"product_cat":[400],"product_tag":[18],"class_list":{"0":"post-34989","1":"product","2":"type-product","3":"status-publish","4":"has-post-thumbnail","6":"product_cat-accesorios_calcetines","7":"product_tag-adidas","8":"pa_color-unico","9":"pa_talla-xl","10":"thunk-woo-product-list","11":"opn-qv-enable","12":"open-woo-hover-","13":"open-single-product-tab-horizontal","14":"open-shadow-","15":"open-shadow-hover-","17":"first","18":"instock","19":"shipping-taxable","20":"purchasable","21":"product-type-variable"},"jetpack_sharing_enabled":true,"_links":{"self":[{"href":"https:\/\/www.deporteseli.com\/index.php?rest_route=\/wp\/v2\/product\/34989","targetHints":{"allow":["GET"]}}],"collection":[{"href":"https:\/\/www.deporteseli.com\/index.php?rest_route=\/wp\/v2\/product"}],"about":[{"href":"https:\/\/www.deporteseli.com\/index.php?rest_route=\/wp\/v2\/types\/product"}],"wp:featuredmedia":[{"embeddable":true,"href":"https:\/\/www.deporteseli.com\/index.php?rest_route=\/wp\/v2\/media\/49756"}],"wp:attachment":[{"href":"https:\/\/www.deporteseli.com\/index.php?rest_route=%2Fwp%2Fv2%2Fmedia&parent=34989"}],"wp:term":[{"taxonomy":"product_brand","embeddable":true,"href":"https:\/\/www.deporteseli.com\/index.php?rest_route=%2Fwp%2Fv2%2Fproduct_brand&post=34989"},{"taxonomy":"product_cat","embeddable":true,"href":"https:\/\/www.deporteseli.com\/index.php?rest_route=%2Fwp%2Fv2%2Fproduct_cat&post=34989"},{"taxonomy":"product_tag","embeddable":true,"href":"https:\/\/www.deporteseli.com\/index.php?rest_route=%2Fwp%2Fv2%2Fproduct_tag&post=34989"}],"curies":[{"name":"wp","href":"https:\/\/api.w.org\/{rel}","templated":true}]}}