{"id":34987,"date":"2026-01-27T16:39:20","date_gmt":"2026-01-27T16:39:20","guid":{"rendered":"https:\/\/www.deporteseli.com\/?product=calcetines-cortos-cushioned"},"modified":"2026-01-27T16:39:21","modified_gmt":"2026-01-27T16:39:21","slug":"calcetines-cortos-cushioned","status":"publish","type":"product","link":"https:\/\/www.deporteseli.com\/?product=calcetines-cortos-cushioned","title":{"rendered":"CALCETINES CORTOS CUSHIONED"},"content":{"rendered":"<p>COMODIDAD Y ESTILO PARA TUS PIES  Este tr\u00edo de calcetines cortos incorpora un panel acolchado en la planta que te ofrece toda la comodidad que buscas de la ma\u00f1ana a la noche. El refuerzo en el arco aporta mayor sujeci\u00f3n y la costura anat\u00f3mica en la puntera te proporciona un mejor ajuste. Presenta un tejido con mezcla de algod\u00f3n y el logotipo de adidas como garant\u00eda de un estilo deportivo aut\u00e9ntico.  Largo justo por encima del tobillo  57% algod\u00f3n \/ 41% poli\u00e9ster \/ 2% elast\u00e1n  Tres pares por paquete  Planta del pie acolchada  Costura anat\u00f3mica en la puntera para una mayor comodidad  Refuerzo en el arco plantar  Color del art\u00edculo: White \/ White \/ White  N\u00famero de art\u00edculo: DZ9365                                                                                                                                                                                                                                                                                                                                                                                                                                                                                                                                                                                                                                                                                                                                                                                                                                                                                                                                                                                                                                        <\/p>\n","protected":false},"excerpt":{"rendered":"<p>CALCETINES CORTOS CUSHIONED<\/p>\n","protected":false},"featured_media":49754,"template":"","meta":[],"product_brand":[],"product_cat":[400],"product_tag":[18],"class_list":{"0":"post-34987","1":"product","2":"type-product","3":"status-publish","4":"has-post-thumbnail","6":"product_cat-accesorios_calcetines","7":"product_tag-adidas","8":"pa_color-unico","9":"pa_talla-43-46","10":"thunk-woo-product-list","11":"opn-qv-enable","12":"open-woo-hover-","13":"open-single-product-tab-horizontal","14":"open-shadow-","15":"open-shadow-hover-","17":"first","18":"instock","19":"shipping-taxable","20":"purchasable","21":"product-type-variable"},"jetpack_sharing_enabled":true,"_links":{"self":[{"href":"https:\/\/www.deporteseli.com\/index.php?rest_route=\/wp\/v2\/product\/34987","targetHints":{"allow":["GET"]}}],"collection":[{"href":"https:\/\/www.deporteseli.com\/index.php?rest_route=\/wp\/v2\/product"}],"about":[{"href":"https:\/\/www.deporteseli.com\/index.php?rest_route=\/wp\/v2\/types\/product"}],"wp:featuredmedia":[{"embeddable":true,"href":"https:\/\/www.deporteseli.com\/index.php?rest_route=\/wp\/v2\/media\/49754"}],"wp:attachment":[{"href":"https:\/\/www.deporteseli.com\/index.php?rest_route=%2Fwp%2Fv2%2Fmedia&parent=34987"}],"wp:term":[{"taxonomy":"product_brand","embeddable":true,"href":"https:\/\/www.deporteseli.com\/index.php?rest_route=%2Fwp%2Fv2%2Fproduct_brand&post=34987"},{"taxonomy":"product_cat","embeddable":true,"href":"https:\/\/www.deporteseli.com\/index.php?rest_route=%2Fwp%2Fv2%2Fproduct_cat&post=34987"},{"taxonomy":"product_tag","embeddable":true,"href":"https:\/\/www.deporteseli.com\/index.php?rest_route=%2Fwp%2Fv2%2Fproduct_tag&post=34987"}],"curies":[{"name":"wp","href":"https:\/\/api.w.org\/{rel}","templated":true}]}}