{"id":34982,"date":"2026-01-27T16:39:14","date_gmt":"2026-01-27T16:39:14","guid":{"rendered":"https:\/\/www.deporteseli.com\/?product=calcetines-deportivos-acolchados-3-pares"},"modified":"2026-02-16T07:42:30","modified_gmt":"2026-02-16T07:42:30","slug":"calcetines-deportivos-acolchados-3-pares","status":"publish","type":"product","link":"https:\/\/www.deporteseli.com\/?product=calcetines-deportivos-acolchados-3-pares","title":{"rendered":"CALCETINES DEPORTIVOS ACOLCHADOS 3 PARES"},"content":{"rendered":"<p>CALCETINES DEPORTIVOS CL\u00c1SICOS, MEJORADOS A\u00daN M\u00c1S CON AMORTIGUACI\u00d3N DESDE EL TAL\u00d3N HASTA LA PUNTA.  Hecho para la comodidad durante todo el d\u00eda, este tr\u00edo de calcetines deportivos ofrece amortiguaci\u00f3n del tal\u00f3n a la punta y una estructura rica en algod\u00f3n. Una costura suave en la puntera y un soporte de arco tejido mejoran el ajuste y la sensaci\u00f3n. La marca adidas limpia completa el look atl\u00e9tico cl\u00e1sico.  ESPECIFICACIONES  Longitud de la tripulaci\u00f3n  56% algod\u00f3n \/ 41% poli\u00e9ster \/ 3% elastano  Tres pares por paquete  Amortiguaci\u00f3n desde el tal\u00f3n hasta la puntera  Costura enlazada en la puntera para una sensaci\u00f3n suave  Soporte del arco  Calcetines (A&amp;G)  Color del art\u00edculo: gris medio jaspeado \/ gris medio jaspeado \/ negro  C\u00f3digo de producto: DZ9355                                                                                                                                                                                                                                                                                                                                                                                                                                                                                                                                                                                                                                                                                                                                                                                                                                                                                                                                                                                                                                        <\/p>\n","protected":false},"excerpt":{"rendered":"<p>CALCETINES DEPORTIVOS ACOLCHADOS 3 PARES<\/p>\n","protected":false},"featured_media":49753,"template":"","meta":[],"product_brand":[],"product_cat":[400],"product_tag":[18],"class_list":{"0":"post-34982","1":"product","2":"type-product","3":"status-publish","4":"has-post-thumbnail","6":"product_cat-accesorios_calcetines","7":"product_tag-adidas","8":"pa_color-unico","9":"pa_talla-31-34","10":"pa_talla-35-38","11":"pa_talla-43-46","12":"pa_talla-xl","13":"thunk-woo-product-list","14":"opn-qv-enable","15":"open-woo-hover-","16":"open-single-product-tab-horizontal","17":"open-shadow-","18":"open-shadow-hover-","20":"first","21":"instock","22":"shipping-taxable","23":"purchasable","24":"product-type-variable"},"jetpack_sharing_enabled":true,"_links":{"self":[{"href":"https:\/\/www.deporteseli.com\/index.php?rest_route=\/wp\/v2\/product\/34982","targetHints":{"allow":["GET"]}}],"collection":[{"href":"https:\/\/www.deporteseli.com\/index.php?rest_route=\/wp\/v2\/product"}],"about":[{"href":"https:\/\/www.deporteseli.com\/index.php?rest_route=\/wp\/v2\/types\/product"}],"wp:featuredmedia":[{"embeddable":true,"href":"https:\/\/www.deporteseli.com\/index.php?rest_route=\/wp\/v2\/media\/49753"}],"wp:attachment":[{"href":"https:\/\/www.deporteseli.com\/index.php?rest_route=%2Fwp%2Fv2%2Fmedia&parent=34982"}],"wp:term":[{"taxonomy":"product_brand","embeddable":true,"href":"https:\/\/www.deporteseli.com\/index.php?rest_route=%2Fwp%2Fv2%2Fproduct_brand&post=34982"},{"taxonomy":"product_cat","embeddable":true,"href":"https:\/\/www.deporteseli.com\/index.php?rest_route=%2Fwp%2Fv2%2Fproduct_cat&post=34982"},{"taxonomy":"product_tag","embeddable":true,"href":"https:\/\/www.deporteseli.com\/index.php?rest_route=%2Fwp%2Fv2%2Fproduct_tag&post=34982"}],"curies":[{"name":"wp","href":"https:\/\/api.w.org\/{rel}","templated":true}]}}