{"id":34970,"date":"2026-01-27T16:38:58","date_gmt":"2026-01-27T16:38:58","guid":{"rendered":"https:\/\/www.deporteseli.com\/?product=camisa-adidas-dv1810-21"},"modified":"2026-01-27T16:39:02","modified_gmt":"2026-01-27T16:39:02","slug":"camisa-adidas-dv1810-21","status":"publish","type":"product","link":"https:\/\/www.deporteseli.com\/?product=camisa-adidas-dv1810-21","title":{"rendered":"CAMISA ADIDAS DV1810\/21"},"content":{"rendered":"<p>Presume de estilo deportivo cuando no est\u00e1s entrenando. Esta camiseta cl\u00e1sica luce un gran logotipo de adidas en contraste. Se ha confeccionado en un tejido de algod\u00f3n muy suave al tacto. Corte cl\u00e1sico que se ajusta al cuerpo c\u00f3modamente. Cuello redondo de canal\u00e9. Manga corta. Punto 100% algod\u00f3n. adidas colabora con la organizaci\u00f3n Better Cotton Initiative para favorecer el cultivo de algod\u00f3n org\u00e1nico. Lavar en agua tibia. No usar lej\u00eda. Secadora con aire fr\u00edo. Planchar a temperatura baja. No lavar en seco. No usar suavizante. Usar solo detergentes suaves. Lavar las prendas junto a otras de colores similares. No planchar las zonas con estampado. Lavar la prenda del rev\u00e9s.                                                                                                                                                                                                                                                                                                                                                                                                                                                                                                                                                                                                                                                                                                                                                                                                                                                                                                                                                                                                                                        <\/p>\n","protected":false},"excerpt":{"rendered":"<p>CAMISA ADIDAS DV1810\/21<\/p>\n","protected":false},"featured_media":49748,"template":"","meta":[],"product_brand":[],"product_cat":[296],"product_tag":[18],"class_list":{"0":"post-34970","1":"product","2":"type-product","3":"status-publish","4":"has-post-thumbnail","6":"product_cat-nino_textil_camisetas","7":"product_tag-adidas","8":"pa_color-unico","9":"pa_talla-t-10","10":"pa_talla-t-12","11":"pa_talla-t-8","12":"thunk-woo-product-list","13":"opn-qv-enable","14":"open-woo-hover-","15":"open-single-product-tab-horizontal","16":"open-shadow-","17":"open-shadow-hover-","19":"first","20":"instock","21":"shipping-taxable","22":"purchasable","23":"product-type-variable"},"jetpack_sharing_enabled":true,"_links":{"self":[{"href":"https:\/\/www.deporteseli.com\/index.php?rest_route=\/wp\/v2\/product\/34970","targetHints":{"allow":["GET"]}}],"collection":[{"href":"https:\/\/www.deporteseli.com\/index.php?rest_route=\/wp\/v2\/product"}],"about":[{"href":"https:\/\/www.deporteseli.com\/index.php?rest_route=\/wp\/v2\/types\/product"}],"wp:featuredmedia":[{"embeddable":true,"href":"https:\/\/www.deporteseli.com\/index.php?rest_route=\/wp\/v2\/media\/49748"}],"wp:attachment":[{"href":"https:\/\/www.deporteseli.com\/index.php?rest_route=%2Fwp%2Fv2%2Fmedia&parent=34970"}],"wp:term":[{"taxonomy":"product_brand","embeddable":true,"href":"https:\/\/www.deporteseli.com\/index.php?rest_route=%2Fwp%2Fv2%2Fproduct_brand&post=34970"},{"taxonomy":"product_cat","embeddable":true,"href":"https:\/\/www.deporteseli.com\/index.php?rest_route=%2Fwp%2Fv2%2Fproduct_cat&post=34970"},{"taxonomy":"product_tag","embeddable":true,"href":"https:\/\/www.deporteseli.com\/index.php?rest_route=%2Fwp%2Fv2%2Fproduct_tag&post=34970"}],"curies":[{"name":"wp","href":"https:\/\/api.w.org\/{rel}","templated":true}]}}