{"id":34957,"date":"2026-01-27T16:38:41","date_gmt":"2026-01-27T16:38:41","guid":{"rendered":"https:\/\/www.deporteseli.com\/?product=cholas-j-smith-pupe"},"modified":"2026-01-27T16:38:57","modified_gmt":"2026-01-27T16:38:57","slug":"cholas-j-smith-pupe","status":"publish","type":"product","link":"https:\/\/www.deporteseli.com\/?product=cholas-j-smith-pupe","title":{"rendered":"CHOLAS J.SMITH PUPE"},"content":{"rendered":"<p>Zueco de EVA inyectada, destaca la protecci\u00f3n que nos ofrece al pie, siendo una zapatilla con huecos para la transpiraci\u00f3n y evacuaci\u00f3n del agua, a la vez nos cubre y protege todo el empeine y puntera. Cuenta con una tira trasera abatible para ajustarla al tal\u00f3n en caso de que queramos una mayor sujecci\u00f3n. Puedes mojarla sin problema.    TECNOLOG\u00cdAS:    Clog fit, Toughtoe, Durable cushion, Foot bed.                                                                                                                                                                                                                                                                                                                                                                                                                                                                                                                                                                                                                                                                                                                                                                                                                                                                                                                                                                                                                                        <\/p>\n","protected":false},"excerpt":{"rendered":"<p>CHOLAS J.SMITH PUPE<\/p>\n","protected":false},"featured_media":49745,"template":"","meta":[],"product_brand":[],"product_cat":[314],"product_tag":[43],"class_list":{"0":"post-34957","1":"product","2":"type-product","3":"status-publish","4":"has-post-thumbnail","6":"product_cat-nino_calzado_cholas","7":"product_tag-jhon_smith","8":"pa_color-azul","9":"pa_talla-115","10":"pa_talla-117","11":"pa_talla-121","12":"pa_talla-123","13":"pa_talla-125","14":"pa_talla-127","15":"pa_talla-129","16":"pa_talla-131","17":"pa_talla-133","18":"pa_talla-135","19":"pa_talla-137","20":"pa_talla-139","21":"thunk-woo-product-list","22":"opn-qv-enable","23":"open-woo-hover-","24":"open-single-product-tab-horizontal","25":"open-shadow-","26":"open-shadow-hover-","28":"first","29":"instock","30":"shipping-taxable","31":"purchasable","32":"product-type-variable"},"jetpack_sharing_enabled":true,"_links":{"self":[{"href":"https:\/\/www.deporteseli.com\/index.php?rest_route=\/wp\/v2\/product\/34957","targetHints":{"allow":["GET"]}}],"collection":[{"href":"https:\/\/www.deporteseli.com\/index.php?rest_route=\/wp\/v2\/product"}],"about":[{"href":"https:\/\/www.deporteseli.com\/index.php?rest_route=\/wp\/v2\/types\/product"}],"wp:featuredmedia":[{"embeddable":true,"href":"https:\/\/www.deporteseli.com\/index.php?rest_route=\/wp\/v2\/media\/49745"}],"wp:attachment":[{"href":"https:\/\/www.deporteseli.com\/index.php?rest_route=%2Fwp%2Fv2%2Fmedia&parent=34957"}],"wp:term":[{"taxonomy":"product_brand","embeddable":true,"href":"https:\/\/www.deporteseli.com\/index.php?rest_route=%2Fwp%2Fv2%2Fproduct_brand&post=34957"},{"taxonomy":"product_cat","embeddable":true,"href":"https:\/\/www.deporteseli.com\/index.php?rest_route=%2Fwp%2Fv2%2Fproduct_cat&post=34957"},{"taxonomy":"product_tag","embeddable":true,"href":"https:\/\/www.deporteseli.com\/index.php?rest_route=%2Fwp%2Fv2%2Fproduct_tag&post=34957"}],"curies":[{"name":"wp","href":"https:\/\/api.w.org\/{rel}","templated":true}]}}