{"id":34945,"date":"2026-01-27T16:38:23","date_gmt":"2026-01-27T16:38:23","guid":{"rendered":"https:\/\/www.deporteseli.com\/?product=chancla-adilette-aqua"},"modified":"2026-03-28T05:18:06","modified_gmt":"2026-03-28T05:18:06","slug":"chancla-adilette-aqua","status":"publish","type":"product","link":"https:\/\/www.deporteseli.com\/?product=chancla-adilette-aqua","title":{"rendered":"CHANCLA ADILETTE AQUA"},"content":{"rendered":"<p>COMODIDAD EN SUS MOMENTOS DE DIVERSI\u00d3N  El dise\u00f1o de esta chancla creada para los m\u00e1s peque\u00f1os refleja el mejor legado de adidas. Presenta una banda de EVA moldeada de una sola pieza y las 3 bandas en la parte superior. Incluye una plantilla suave confeccionada en un material de secado r\u00e1pido que aporta una gran amortiguaci\u00f3n y confort.  Horma cl\u00e1sica  Dise\u00f1o f\u00e1cil de poner y quitar  Banda de EVA moldeada de una sola pieza  Plantilla Cloudfoam suave  Dise\u00f1o ligero  Color del art\u00edculo: Core Black \/ Cloud White \/ Core Black  N\u00famero de art\u00edculo: F35556                                                                                                                                                                                                                                                                                                                                                                                                                                                                                                                                                                                                                                                                                                                                                                                                                                                                                                                                                                                                                                        <\/p>\n","protected":false},"excerpt":{"rendered":"<p>CHANCLA ADILETTE AQUA<\/p>\n","protected":false},"featured_media":49742,"template":"","meta":[],"product_brand":[],"product_cat":[314],"product_tag":[18],"class_list":{"0":"post-34945","1":"product","2":"type-product","3":"status-publish","4":"has-post-thumbnail","6":"product_cat-nino_calzado_cholas","7":"product_tag-adidas","8":"pa_color-unico","9":"pa_talla-125","10":"pa_talla-127","11":"pa_talla-131","12":"pa_talla-133","13":"pa_talla-135","14":"pa_talla-137","15":"pa_talla-139","16":"pa_talla-141","17":"pa_talla-143","18":"pa_talla-145","19":"pa_talla-147","20":"thunk-woo-product-list","21":"opn-qv-enable","22":"open-woo-hover-","23":"open-single-product-tab-horizontal","24":"open-shadow-","25":"open-shadow-hover-","27":"first","28":"instock","29":"shipping-taxable","30":"purchasable","31":"product-type-variable"},"jetpack_sharing_enabled":true,"_links":{"self":[{"href":"https:\/\/www.deporteseli.com\/index.php?rest_route=\/wp\/v2\/product\/34945","targetHints":{"allow":["GET"]}}],"collection":[{"href":"https:\/\/www.deporteseli.com\/index.php?rest_route=\/wp\/v2\/product"}],"about":[{"href":"https:\/\/www.deporteseli.com\/index.php?rest_route=\/wp\/v2\/types\/product"}],"wp:featuredmedia":[{"embeddable":true,"href":"https:\/\/www.deporteseli.com\/index.php?rest_route=\/wp\/v2\/media\/49742"}],"wp:attachment":[{"href":"https:\/\/www.deporteseli.com\/index.php?rest_route=%2Fwp%2Fv2%2Fmedia&parent=34945"}],"wp:term":[{"taxonomy":"product_brand","embeddable":true,"href":"https:\/\/www.deporteseli.com\/index.php?rest_route=%2Fwp%2Fv2%2Fproduct_brand&post=34945"},{"taxonomy":"product_cat","embeddable":true,"href":"https:\/\/www.deporteseli.com\/index.php?rest_route=%2Fwp%2Fv2%2Fproduct_cat&post=34945"},{"taxonomy":"product_tag","embeddable":true,"href":"https:\/\/www.deporteseli.com\/index.php?rest_route=%2Fwp%2Fv2%2Fproduct_tag&post=34945"}],"curies":[{"name":"wp","href":"https:\/\/api.w.org\/{rel}","templated":true}]}}