{"id":34942,"date":"2026-01-27T16:38:17","date_gmt":"2026-01-27T16:38:17","guid":{"rendered":"https:\/\/www.deporteseli.com\/?product=camiseta-essentials-linear-logo"},"modified":"2026-01-27T16:38:21","modified_gmt":"2026-01-27T16:38:21","slug":"camiseta-essentials-linear-logo","status":"publish","type":"product","link":"https:\/\/www.deporteseli.com\/?product=camiseta-essentials-linear-logo","title":{"rendered":"CAMISETA ESSENTIALS LINEAR LOGO"},"content":{"rendered":"<p>CAMISETA DE ALGOD\u00d3N HECHA PARA EL ATLETA FUERA DE SERVICIO.  Muestra tu estilo deportivo entre los entrenamientos. Esta camiseta cl\u00e1sica tiene un logo en contraste para mantenerla aut\u00e9ntica. El jersey totalmente de algod\u00f3n hace que se sienta m\u00e1s suave.  ESPECIFICACIONES  El ajuste regular logra un equilibrio c\u00f3modo entre holgado y c\u00f3modo  Cuello redondo acanalado  Mangas cortas  Punto liso 100% algod\u00f3n  Jersey sencillo  Nos asociamos con Better Cotton Initiative para mejorar el cultivo de algod\u00f3n a nivel mundial  Color  C\u00f3digo de producto: DV1816                                                                                                                                                                                                                                                                                                                                                                                                                                                                                                                                                                                                                                                                                                                                                                                                                                                                                                                                                                                                                                        <\/p>\n","protected":false},"excerpt":{"rendered":"<p>CAMISETA ESSENTIALS LINEAR LOGO<\/p>\n","protected":false},"featured_media":49738,"template":"","meta":[],"product_brand":[],"product_cat":[245],"product_tag":[18],"class_list":{"0":"post-34942","1":"product","2":"type-product","3":"status-publish","4":"has-post-thumbnail","6":"product_cat-hombre_textil_camisetas","7":"product_tag-adidas","8":"pa_color-unico","9":"pa_talla-t-10","10":"pa_talla-t-8","11":"thunk-woo-product-list","12":"opn-qv-enable","13":"open-woo-hover-","14":"open-single-product-tab-horizontal","15":"open-shadow-","16":"open-shadow-hover-","18":"first","19":"instock","20":"shipping-taxable","21":"purchasable","22":"product-type-variable"},"jetpack_sharing_enabled":true,"_links":{"self":[{"href":"https:\/\/www.deporteseli.com\/index.php?rest_route=\/wp\/v2\/product\/34942","targetHints":{"allow":["GET"]}}],"collection":[{"href":"https:\/\/www.deporteseli.com\/index.php?rest_route=\/wp\/v2\/product"}],"about":[{"href":"https:\/\/www.deporteseli.com\/index.php?rest_route=\/wp\/v2\/types\/product"}],"wp:featuredmedia":[{"embeddable":true,"href":"https:\/\/www.deporteseli.com\/index.php?rest_route=\/wp\/v2\/media\/49738"}],"wp:attachment":[{"href":"https:\/\/www.deporteseli.com\/index.php?rest_route=%2Fwp%2Fv2%2Fmedia&parent=34942"}],"wp:term":[{"taxonomy":"product_brand","embeddable":true,"href":"https:\/\/www.deporteseli.com\/index.php?rest_route=%2Fwp%2Fv2%2Fproduct_brand&post=34942"},{"taxonomy":"product_cat","embeddable":true,"href":"https:\/\/www.deporteseli.com\/index.php?rest_route=%2Fwp%2Fv2%2Fproduct_cat&post=34942"},{"taxonomy":"product_tag","embeddable":true,"href":"https:\/\/www.deporteseli.com\/index.php?rest_route=%2Fwp%2Fv2%2Fproduct_tag&post=34942"}],"curies":[{"name":"wp","href":"https:\/\/api.w.org\/{rel}","templated":true}]}}