{"id":34933,"date":"2026-01-27T16:38:07","date_gmt":"2026-01-27T16:38:07","guid":{"rendered":"https:\/\/www.deporteseli.com\/?product=asics-gel-beyond-5-b601n-400"},"modified":"2026-01-27T16:38:11","modified_gmt":"2026-01-27T16:38:11","slug":"asics-gel-beyond-5-b601n-400","status":"publish","type":"product","link":"https:\/\/www.deporteseli.com\/?product=asics-gel-beyond-5-b601n-400","title":{"rendered":"ASICS GEL BEYOND 5 B601N-400"},"content":{"rendered":"<p>El nuevo GEL-BEYOND 5 te brinda la comodidad y el andar de una zapatilla para correr, con mucho apoyo en \u00e1reas cruciales.  Con una entresuela que es 1 mm m\u00e1s gruesa, obtienes una amortiguaci\u00f3n adicional y un rebote que reduce la fatiga durante todo el juego.  Esta \u00faltima edici\u00f3n tambi\u00e9n le brinda m\u00e1s soporte en el tal\u00f3n y el mediopi\u00e9, lo que significa que obtiene un mejor ajuste y una sensaci\u00f3n m\u00e1s segura.  Y con un resorte de puntera m\u00e1s redondeado, obtienes flexibilidad adicional en el antepi\u00e9 para que puedas ser m\u00e1s \u00e1gil en la cancha.  Tambi\u00e9n obtienes una conducci\u00f3n m\u00e1s c\u00f3moda con una entresuela de SpEVA y GEL en el retropi\u00e9 y el antepi\u00e9.  El GEL-BEYOND 5 tambi\u00e9n est\u00e1 disponible en corte medio, lo que le brinda un ajuste ce\u00f1ido y de apoyo.    Caracter\u00edsticas y beneficios del    sistema Trusstic  Reduce el peso de la suela conservando la integridad estructural de los zapatos.    Resbal\u00f3n de California duradero  Para estabilidad y comodidad. La parte superior est\u00e1 cosida alrededor de una lona o tabla de eva y se fija directamente a la entresuela.    El material duradero de la  entresuela Asics SpEva 55 asume un nuevo papel como tecnolog\u00eda duradera para una mayor amortiguaci\u00f3n y comodidad.    Material de la entresuela SpEva  Mejora las caracter\u00edsticas de rebote y reduce la rotura de la entresuela.    Suela de caucho NC  Compuesto que contiene m\u00e1s contenido de caucho natural que el caucho s\u00f3lido tradicional, lo que mejora la tracci\u00f3n en los sistemas de la cancha.    Sistema de amortiguaci\u00f3n de gel en el antepi\u00e9 y el retropi\u00e9  Aten\u00faa el impacto durante las fases de impacto y despegue, y permite el movimiento en m\u00faltiples planos a medida que el pie pasa por el ciclo de la marcha.    Rhynoskin  Un cuero sint\u00e9tico resistente a la abrasi\u00f3n y al desgarro para una mayor durabilidad en la parte superior.    PHF (ajuste personalizado del tal\u00f3n)  2 capas de espuma viscoel\u00e1stica se alinean en el cuello y se amoldan al tal\u00f3n del atleta, creando un ajuste personalizado.    AHAR    Nuevo material de suela ahar soplado. Ofrece una mayor amortiguaci\u00f3n, durabilidad y conducci\u00f3n al pie.    Parte superior de malla abierta  Brinda excelente comodidad y transpirabilidad.    Plantilla extra\u00edble Plantilla de  Eva moldeada a la forma del pie, que se puede quitar para adaptarse a una ortesis m\u00e9dica.                                                                                                                                                                                                                                                                                                                                                                                                                                                                                                                                                                                                                                                                                                                                                                                                                                                                                                                                                                                                                                        <\/p>\n","protected":false},"excerpt":{"rendered":"<p>ASICS GEL BEYOND 5 B601N-400<\/p>\n","protected":false},"featured_media":49730,"template":"","meta":[],"product_brand":[],"product_cat":[345],"product_tag":[19],"class_list":{"0":"post-34933","1":"product","2":"type-product","3":"status-publish","4":"has-post-thumbnail","6":"product_cat-deportes_balonmano","7":"product_tag-asics","8":"pa_color-unico","9":"pa_talla-153","10":"pa_talla-157","11":"pa_talla-161","12":"thunk-woo-product-list","13":"opn-qv-enable","14":"open-woo-hover-","15":"open-single-product-tab-horizontal","16":"open-shadow-","17":"open-shadow-hover-","19":"first","20":"instock","21":"sale","22":"shipping-taxable","23":"purchasable","24":"product-type-variable"},"jetpack_sharing_enabled":true,"_links":{"self":[{"href":"https:\/\/www.deporteseli.com\/index.php?rest_route=\/wp\/v2\/product\/34933","targetHints":{"allow":["GET"]}}],"collection":[{"href":"https:\/\/www.deporteseli.com\/index.php?rest_route=\/wp\/v2\/product"}],"about":[{"href":"https:\/\/www.deporteseli.com\/index.php?rest_route=\/wp\/v2\/types\/product"}],"wp:featuredmedia":[{"embeddable":true,"href":"https:\/\/www.deporteseli.com\/index.php?rest_route=\/wp\/v2\/media\/49730"}],"wp:attachment":[{"href":"https:\/\/www.deporteseli.com\/index.php?rest_route=%2Fwp%2Fv2%2Fmedia&parent=34933"}],"wp:term":[{"taxonomy":"product_brand","embeddable":true,"href":"https:\/\/www.deporteseli.com\/index.php?rest_route=%2Fwp%2Fv2%2Fproduct_brand&post=34933"},{"taxonomy":"product_cat","embeddable":true,"href":"https:\/\/www.deporteseli.com\/index.php?rest_route=%2Fwp%2Fv2%2Fproduct_cat&post=34933"},{"taxonomy":"product_tag","embeddable":true,"href":"https:\/\/www.deporteseli.com\/index.php?rest_route=%2Fwp%2Fv2%2Fproduct_tag&post=34933"}],"curies":[{"name":"wp","href":"https:\/\/api.w.org\/{rel}","templated":true}]}}