{"id":34931,"date":"2026-01-27T16:38:04","date_gmt":"2026-01-27T16:38:04","guid":{"rendered":"https:\/\/www.deporteseli.com\/?product=gel-lima"},"modified":"2026-01-27T16:38:06","modified_gmt":"2026-01-27T16:38:06","slug":"gel-lima","status":"publish","type":"product","link":"https:\/\/www.deporteseli.com\/?product=gel-lima","title":{"rendered":"GEL LIMA"},"content":{"rendered":"<p>Las zapatillas para mujer GEL-LIMA\u2122 PADEL de ASICS ofrecen un equilibrio excepcional entre tracci\u00f3n, propulsi\u00f3n y comodidad en la pista de p\u00e1del. La tecnolog\u00eda GEL\u2122 y una entresuela SOLYTE\u2122 ayudan a amortiguar los aterrizajes, la entresuela EVA\u2122 aporta una sujeci\u00f3n mayor y la plantilla extra\u00edble ORTHOLITE\u2122 ofrece rebote. La tecnolog\u00eda TRUSSTIC SYSTEM\u2122 bajo la zona media proporciona estabilidad y la suela exterior AHAR\u2122 est\u00e1 confeccionada con un resistente compuesto de goma para que la zapatilla sea duradera. Horma California Mediasuela SOLYTE\u2122 Suela exterior AHAR\u2122 Entresuela EVA\u2122 Plantilla extra\u00edble ORTHOLITE\u2122 TRUSSTIC SYSTEM\u2122 Tecnolog\u00eda GEL\u2122                                                                                                                                                                                                                                                                                                                                                                                                                                                                                                                                                                                                                                                                                                                                                                                                                                                                                                                                                                                                                                        <\/p>\n","protected":false},"excerpt":{"rendered":"<p>GEL LIMA<\/p>\n","protected":false},"featured_media":49729,"template":"","meta":[],"product_brand":[],"product_cat":[237],"product_tag":[19],"class_list":{"0":"post-34931","1":"product","2":"type-product","3":"status-publish","4":"has-post-thumbnail","6":"product_cat-outlet_calzado","7":"product_tag-asics","8":"pa_color-unico","9":"pa_talla-143","10":"thunk-woo-product-list","11":"opn-qv-enable","12":"open-woo-hover-","13":"open-single-product-tab-horizontal","14":"open-shadow-","15":"open-shadow-hover-","17":"first","18":"instock","19":"sale","20":"shipping-taxable","21":"purchasable","22":"product-type-variable"},"jetpack_sharing_enabled":true,"_links":{"self":[{"href":"https:\/\/www.deporteseli.com\/index.php?rest_route=\/wp\/v2\/product\/34931","targetHints":{"allow":["GET"]}}],"collection":[{"href":"https:\/\/www.deporteseli.com\/index.php?rest_route=\/wp\/v2\/product"}],"about":[{"href":"https:\/\/www.deporteseli.com\/index.php?rest_route=\/wp\/v2\/types\/product"}],"wp:featuredmedia":[{"embeddable":true,"href":"https:\/\/www.deporteseli.com\/index.php?rest_route=\/wp\/v2\/media\/49729"}],"wp:attachment":[{"href":"https:\/\/www.deporteseli.com\/index.php?rest_route=%2Fwp%2Fv2%2Fmedia&parent=34931"}],"wp:term":[{"taxonomy":"product_brand","embeddable":true,"href":"https:\/\/www.deporteseli.com\/index.php?rest_route=%2Fwp%2Fv2%2Fproduct_brand&post=34931"},{"taxonomy":"product_cat","embeddable":true,"href":"https:\/\/www.deporteseli.com\/index.php?rest_route=%2Fwp%2Fv2%2Fproduct_cat&post=34931"},{"taxonomy":"product_tag","embeddable":true,"href":"https:\/\/www.deporteseli.com\/index.php?rest_route=%2Fwp%2Fv2%2Fproduct_tag&post=34931"}],"curies":[{"name":"wp","href":"https:\/\/api.w.org\/{rel}","templated":true}]}}