{"id":34921,"date":"2026-01-27T16:37:52","date_gmt":"2026-01-27T16:37:52","guid":{"rendered":"https:\/\/www.deporteseli.com\/?product=bolas-dunlop-pro-tour"},"modified":"2026-01-27T16:37:54","modified_gmt":"2026-01-27T16:37:54","slug":"bolas-dunlop-pro-tour","status":"publish","type":"product","link":"https:\/\/www.deporteseli.com\/?product=bolas-dunlop-pro-tour","title":{"rendered":"BOLAS DUNLOP PRO TOUR"},"content":{"rendered":"<p>La tela sint\u00e9tica Premium ofrece una mayor durabilidad con todo el rendimiento posible.  Ideal para la competici\u00f3n, la formaci\u00f3n y las escuelas de tenis.  Observaci\u00f3n: 1 bote = 3 bolas.                                                                                                                                                                                                                                                                                                                                                                                                                                                                                                                                                                                                                                                                                                                                                                                                                                                                                                                                                                                                                                        <\/p>\n","protected":false},"excerpt":{"rendered":"<p>BOLAS DUNLOP PRO TOUR<\/p>\n","protected":false},"featured_media":49726,"template":"","meta":[],"product_brand":[],"product_cat":[356],"product_tag":[29],"class_list":{"0":"post-34921","1":"product","2":"type-product","3":"status-publish","4":"has-post-thumbnail","6":"product_cat-padel_y_tenis_bolas","7":"product_tag-dunlop","8":"pa_color-unico","9":"pa_talla-unica","10":"thunk-woo-product-list","11":"opn-qv-enable","12":"open-woo-hover-","13":"open-single-product-tab-horizontal","14":"open-shadow-","15":"open-shadow-hover-","17":"first","18":"instock","19":"shipping-taxable","20":"purchasable","21":"product-type-variable"},"jetpack_sharing_enabled":true,"_links":{"self":[{"href":"https:\/\/www.deporteseli.com\/index.php?rest_route=\/wp\/v2\/product\/34921","targetHints":{"allow":["GET"]}}],"collection":[{"href":"https:\/\/www.deporteseli.com\/index.php?rest_route=\/wp\/v2\/product"}],"about":[{"href":"https:\/\/www.deporteseli.com\/index.php?rest_route=\/wp\/v2\/types\/product"}],"wp:featuredmedia":[{"embeddable":true,"href":"https:\/\/www.deporteseli.com\/index.php?rest_route=\/wp\/v2\/media\/49726"}],"wp:attachment":[{"href":"https:\/\/www.deporteseli.com\/index.php?rest_route=%2Fwp%2Fv2%2Fmedia&parent=34921"}],"wp:term":[{"taxonomy":"product_brand","embeddable":true,"href":"https:\/\/www.deporteseli.com\/index.php?rest_route=%2Fwp%2Fv2%2Fproduct_brand&post=34921"},{"taxonomy":"product_cat","embeddable":true,"href":"https:\/\/www.deporteseli.com\/index.php?rest_route=%2Fwp%2Fv2%2Fproduct_cat&post=34921"},{"taxonomy":"product_tag","embeddable":true,"href":"https:\/\/www.deporteseli.com\/index.php?rest_route=%2Fwp%2Fv2%2Fproduct_tag&post=34921"}],"curies":[{"name":"wp","href":"https:\/\/api.w.org\/{rel}","templated":true}]}}