{"id":34917,"date":"2026-01-27T16:37:47","date_gmt":"2026-01-27T16:37:47","guid":{"rendered":"https:\/\/www.deporteseli.com\/?product=balines-gamo-match-diabolo-calibre-5-5-mm"},"modified":"2026-01-27T16:37:49","modified_gmt":"2026-01-27T16:37:49","slug":"balines-gamo-match-diabolo-calibre-5-5-mm","status":"publish","type":"product","link":"https:\/\/www.deporteseli.com\/?product=balines-gamo-match-diabolo-calibre-5-5-mm","title":{"rendered":"BALINES GAMO MATCH DIABOLO CALIBRE 5.5 MM"},"content":{"rendered":"<p>Balines de plomo con el tradicional dise\u00f1o de copa (punta plana), fabricados en Espa\u00f1a por GAMO Outdoor, SL, la empresa de aire comprimido m\u00e1s importante del pa\u00eds. Estos perdigones para pistolas y carabinas de aire comprimido tienen un peso de 1.0 g y corresponden a la l\u00ednea Match de GAMO.                                                                                                                                                                                                                                                                                                                                                                                                                                                                                                                                                                                                                                                                                                                                                                                                                                                                                                                                                                                                                                        <\/p>\n","protected":false},"excerpt":{"rendered":"<p>BALINES GAMO MATCH DIABOLO CALIBRE 5.5 MM<\/p>\n","protected":false},"featured_media":49724,"template":"","meta":[],"product_brand":[],"product_cat":[412],"product_tag":[38],"class_list":{"0":"post-34917","1":"product","2":"type-product","3":"status-publish","4":"has-post-thumbnail","6":"product_cat-accesorios_balines","7":"product_tag-gamo","8":"pa_color-unico","9":"pa_talla-unica","10":"thunk-woo-product-list","11":"opn-qv-enable","12":"open-woo-hover-","13":"open-single-product-tab-horizontal","14":"open-shadow-","15":"open-shadow-hover-","17":"first","18":"instock","19":"shipping-taxable","20":"purchasable","21":"product-type-variable"},"jetpack_sharing_enabled":true,"_links":{"self":[{"href":"https:\/\/www.deporteseli.com\/index.php?rest_route=\/wp\/v2\/product\/34917","targetHints":{"allow":["GET"]}}],"collection":[{"href":"https:\/\/www.deporteseli.com\/index.php?rest_route=\/wp\/v2\/product"}],"about":[{"href":"https:\/\/www.deporteseli.com\/index.php?rest_route=\/wp\/v2\/types\/product"}],"wp:featuredmedia":[{"embeddable":true,"href":"https:\/\/www.deporteseli.com\/index.php?rest_route=\/wp\/v2\/media\/49724"}],"wp:attachment":[{"href":"https:\/\/www.deporteseli.com\/index.php?rest_route=%2Fwp%2Fv2%2Fmedia&parent=34917"}],"wp:term":[{"taxonomy":"product_brand","embeddable":true,"href":"https:\/\/www.deporteseli.com\/index.php?rest_route=%2Fwp%2Fv2%2Fproduct_brand&post=34917"},{"taxonomy":"product_cat","embeddable":true,"href":"https:\/\/www.deporteseli.com\/index.php?rest_route=%2Fwp%2Fv2%2Fproduct_cat&post=34917"},{"taxonomy":"product_tag","embeddable":true,"href":"https:\/\/www.deporteseli.com\/index.php?rest_route=%2Fwp%2Fv2%2Fproduct_tag&post=34917"}],"curies":[{"name":"wp","href":"https:\/\/api.w.org\/{rel}","templated":true}]}}