{"id":34910,"date":"2026-01-27T16:37:39","date_gmt":"2026-01-27T16:37:39","guid":{"rendered":"https:\/\/www.deporteseli.com\/?product=medias-futbol-adidas-milano"},"modified":"2026-01-27T16:37:44","modified_gmt":"2026-01-27T16:37:44","slug":"medias-futbol-adidas-milano","status":"publish","type":"product","link":"https:\/\/www.deporteseli.com\/?product=medias-futbol-adidas-milano","title":{"rendered":"MEDIAS FUTBOL ADIDAS MILANO"},"content":{"rendered":"<p>Descripci\u00f3n del producto  Cuando juegas al f\u00fatbol, una buena equipaci\u00f3n es b\u00e1sica, de la cabeza a los pies. Estas medias de f\u00fatbol para hombre incorporan inserciones de malla que favorecen la ventilaci\u00f3n y paneles acolchados que aportan mayor amortiguaci\u00f3n. Un par por paquete. Inserciones de canal\u00e9 en los pu\u00f1os, los tobillos y el arco plantar. Paneles acolchados con dise\u00f1o anat\u00f3mico que aportan mayor amortiguaci\u00f3n y sujeci\u00f3n y protegen las zonas sometidas a un gran desgaste. Inserciones de malla que favorecen el flujo de aire. Dise\u00f1o espec\u00edfico para el pie izquierdo y derecho. 99% nailon \/ 1% elast\u00e1n.                                                                                                                                                                                                                                                                                                                                                                                                                                                                                                                                                                                                                                                                                                                                                                                                                                                                                                                                                                                                                                        <\/p>\n","protected":false},"excerpt":{"rendered":"<p>MEDIAS FUTBOL ADIDAS MILANO<\/p>\n","protected":false},"featured_media":49722,"template":"","meta":[],"product_brand":[],"product_cat":[325],"product_tag":[18],"class_list":{"0":"post-34910","1":"product","2":"type-product","3":"status-publish","4":"has-post-thumbnail","6":"product_cat-deportes_futbol_medias","7":"product_tag-adidas","8":"pa_color-unico","9":"pa_talla-31-34","10":"pa_talla-39-42","11":"pa_talla-43-46","12":"pa_talla-xl","13":"thunk-woo-product-list","14":"opn-qv-enable","15":"open-woo-hover-","16":"open-single-product-tab-horizontal","17":"open-shadow-","18":"open-shadow-hover-","20":"first","21":"instock","22":"sale","23":"shipping-taxable","24":"purchasable","25":"product-type-variable"},"jetpack_sharing_enabled":true,"_links":{"self":[{"href":"https:\/\/www.deporteseli.com\/index.php?rest_route=\/wp\/v2\/product\/34910","targetHints":{"allow":["GET"]}}],"collection":[{"href":"https:\/\/www.deporteseli.com\/index.php?rest_route=\/wp\/v2\/product"}],"about":[{"href":"https:\/\/www.deporteseli.com\/index.php?rest_route=\/wp\/v2\/types\/product"}],"wp:featuredmedia":[{"embeddable":true,"href":"https:\/\/www.deporteseli.com\/index.php?rest_route=\/wp\/v2\/media\/49722"}],"wp:attachment":[{"href":"https:\/\/www.deporteseli.com\/index.php?rest_route=%2Fwp%2Fv2%2Fmedia&parent=34910"}],"wp:term":[{"taxonomy":"product_brand","embeddable":true,"href":"https:\/\/www.deporteseli.com\/index.php?rest_route=%2Fwp%2Fv2%2Fproduct_brand&post=34910"},{"taxonomy":"product_cat","embeddable":true,"href":"https:\/\/www.deporteseli.com\/index.php?rest_route=%2Fwp%2Fv2%2Fproduct_cat&post=34910"},{"taxonomy":"product_tag","embeddable":true,"href":"https:\/\/www.deporteseli.com\/index.php?rest_route=%2Fwp%2Fv2%2Fproduct_tag&post=34910"}],"curies":[{"name":"wp","href":"https:\/\/api.w.org\/{rel}","templated":true}]}}