{"id":34900,"date":"2026-01-27T16:37:27","date_gmt":"2026-01-27T16:37:27","guid":{"rendered":"https:\/\/www.deporteseli.com\/?product=plantilla-gel-karakal"},"modified":"2026-03-12T05:18:03","modified_gmt":"2026-03-12T05:18:03","slug":"plantilla-gel-karakal","status":"publish","type":"product","link":"https:\/\/www.deporteseli.com\/?product=plantilla-gel-karakal","title":{"rendered":"PLANTILLA GEL KARAKAL"},"content":{"rendered":"<p>Karakal Sport sudor absorbente calzado c\u00f3modo de malla transpirable Suela interior  Capa de la superficie est\u00e1 fabricado con sudor absorbente de malla transpirable. esto aumenta la capacidad de transpiraci\u00f3n, mientras que tambi\u00e9n proporciona una excelente comodidad. es tambi\u00e9n ajustable con acolchado de gel de absorci\u00f3n de choque de silicona que ayuda con la energ\u00eda y mejora el rendimiento de rebote  Tambi\u00e9n est\u00e1n dise\u00f1ados para dar un centro de preceptiva estilo fuerte de sujeci\u00f3n del pie con un dispositivo de control de estabilidad que ayuda a que el pie y tejido de malla transpirable proporciona comodidad y flexibilidad, control de estabilidad zona de impacto absorci\u00f3n de choque Gel de silicona almohadillas de c\u00e1maras de aire tallas 36 \u2013 37, 38 \u2013 39, 40, 41, 42, 43 &amp; 44 \u2013 45                                                                                                                                                                                                                                                                                                                                                                                                                                                                                                                                                                                                                                                                                                                                                                                                                                                                                                                                                                                                                                        <\/p>\n","protected":false},"excerpt":{"rendered":"<p>PLANTILLA GEL KARAKAL<\/p>\n","protected":false},"featured_media":49717,"template":"","meta":[],"product_brand":[],"product_cat":[403],"product_tag":[30],"class_list":{"0":"post-34900","1":"product","2":"type-product","3":"status-publish","4":"has-post-thumbnail","6":"product_cat-accesorios_plantillas","7":"product_tag-karakal","8":"pa_color-unico","9":"pa_talla-143","10":"pa_talla-147","11":"pa_talla-151","12":"pa_talla-155","13":"pa_talla-159","14":"pa_talla-163","15":"thunk-woo-product-list","16":"opn-qv-enable","17":"open-woo-hover-","18":"open-single-product-tab-horizontal","19":"open-shadow-","20":"open-shadow-hover-","22":"first","23":"instock","24":"shipping-taxable","25":"purchasable","26":"product-type-variable"},"jetpack_sharing_enabled":true,"_links":{"self":[{"href":"https:\/\/www.deporteseli.com\/index.php?rest_route=\/wp\/v2\/product\/34900","targetHints":{"allow":["GET"]}}],"collection":[{"href":"https:\/\/www.deporteseli.com\/index.php?rest_route=\/wp\/v2\/product"}],"about":[{"href":"https:\/\/www.deporteseli.com\/index.php?rest_route=\/wp\/v2\/types\/product"}],"wp:featuredmedia":[{"embeddable":true,"href":"https:\/\/www.deporteseli.com\/index.php?rest_route=\/wp\/v2\/media\/49717"}],"wp:attachment":[{"href":"https:\/\/www.deporteseli.com\/index.php?rest_route=%2Fwp%2Fv2%2Fmedia&parent=34900"}],"wp:term":[{"taxonomy":"product_brand","embeddable":true,"href":"https:\/\/www.deporteseli.com\/index.php?rest_route=%2Fwp%2Fv2%2Fproduct_brand&post=34900"},{"taxonomy":"product_cat","embeddable":true,"href":"https:\/\/www.deporteseli.com\/index.php?rest_route=%2Fwp%2Fv2%2Fproduct_cat&post=34900"},{"taxonomy":"product_tag","embeddable":true,"href":"https:\/\/www.deporteseli.com\/index.php?rest_route=%2Fwp%2Fv2%2Fproduct_tag&post=34900"}],"curies":[{"name":"wp","href":"https:\/\/api.w.org\/{rel}","templated":true}]}}