{"id":34898,"date":"2026-01-27T16:37:25","date_gmt":"2026-01-27T16:37:25","guid":{"rendered":"https:\/\/www.deporteseli.com\/?product=rucanor-ayuda-de-muneca-giza"},"modified":"2026-01-27T16:37:26","modified_gmt":"2026-01-27T16:37:26","slug":"rucanor-ayuda-de-muneca-giza","status":"publish","type":"product","link":"https:\/\/www.deporteseli.com\/?product=rucanor-ayuda-de-muneca-giza","title":{"rendered":"RUCANOR AYUDA DE MU\u00f1ECA GIZA"},"content":{"rendered":"<p>Descripci\u00f3n del producto  Rucanor ayuda de mu\u00f1eca Giza    El resto de la palma es ideal para esguinces, torceduras y esguinces. El resto de palma est\u00e1 hecha de algod\u00f3n y tiene un cierre de velcro.    especificaciones:  Color: Negro  G\u00e9nero: unisex  Material: algod\u00f3n  Tama\u00f1o: un tama\u00f1o  Suministran de forma individual.                                                                                                                                                                                                                                                                                                                                                                                                                                                                                                                                                                                                                                                                                                                                                                                                                                                                                                                                                                                                                                        <\/p>\n","protected":false},"excerpt":{"rendered":"<p>RUCANOR AYUDA DE MU\u00f1ECA GIZA<\/p>\n","protected":false},"featured_media":49716,"template":"","meta":[],"product_brand":[],"product_cat":[242],"product_tag":[39],"class_list":{"0":"post-34898","1":"product","2":"type-product","3":"status-publish","4":"has-post-thumbnail","6":"product_cat-unisex_accesorios","7":"product_tag-rucanor","8":"pa_color-unico","9":"pa_talla-unica","10":"thunk-woo-product-list","11":"opn-qv-enable","12":"open-woo-hover-","13":"open-single-product-tab-horizontal","14":"open-shadow-","15":"open-shadow-hover-","17":"first","18":"instock","19":"shipping-taxable","20":"purchasable","21":"product-type-variable"},"jetpack_sharing_enabled":true,"_links":{"self":[{"href":"https:\/\/www.deporteseli.com\/index.php?rest_route=\/wp\/v2\/product\/34898","targetHints":{"allow":["GET"]}}],"collection":[{"href":"https:\/\/www.deporteseli.com\/index.php?rest_route=\/wp\/v2\/product"}],"about":[{"href":"https:\/\/www.deporteseli.com\/index.php?rest_route=\/wp\/v2\/types\/product"}],"wp:featuredmedia":[{"embeddable":true,"href":"https:\/\/www.deporteseli.com\/index.php?rest_route=\/wp\/v2\/media\/49716"}],"wp:attachment":[{"href":"https:\/\/www.deporteseli.com\/index.php?rest_route=%2Fwp%2Fv2%2Fmedia&parent=34898"}],"wp:term":[{"taxonomy":"product_brand","embeddable":true,"href":"https:\/\/www.deporteseli.com\/index.php?rest_route=%2Fwp%2Fv2%2Fproduct_brand&post=34898"},{"taxonomy":"product_cat","embeddable":true,"href":"https:\/\/www.deporteseli.com\/index.php?rest_route=%2Fwp%2Fv2%2Fproduct_cat&post=34898"},{"taxonomy":"product_tag","embeddable":true,"href":"https:\/\/www.deporteseli.com\/index.php?rest_route=%2Fwp%2Fv2%2Fproduct_tag&post=34898"}],"curies":[{"name":"wp","href":"https:\/\/api.w.org\/{rel}","templated":true}]}}