{"id":34880,"date":"2026-01-27T16:37:04","date_gmt":"2026-01-27T16:37:04","guid":{"rendered":"https:\/\/www.deporteseli.com\/?product=gafas-de-n-atacion-futura-one-junior"},"modified":"2026-01-27T16:37:05","modified_gmt":"2026-01-27T16:37:05","slug":"gafas-de-n-atacion-futura-one-junior","status":"publish","type":"product","link":"https:\/\/www.deporteseli.com\/?product=gafas-de-n-atacion-futura-one-junior","title":{"rendered":"GAFAS DE N ATACI\u00f3N FUTURA ONE JUNIOR"},"content":{"rendered":"<p>Adecuado para ni\u00f1os en edad de 6 a 14 a\u00f1os  Lentes con revestimiento antivaho para una visi\u00f3n y claridad excelentes  Gafas de nataci\u00f3n con marco suave para mayor comodidad.  Protecci\u00f3n UV de los ojos contra el sol S Rays  Speed de tecnolog\u00eda de Fit y ajuste CLIP laterales para f\u00e1cil ajuste                                                                                                                                                                                                                                                                                                                                                                                                                                                                                                                                                                                                                                                                                                                                                                                                                                                                                                                                                                                                                                        <\/p>\n","protected":false},"excerpt":{"rendered":"<p>GAFAS DE N ATACI\u00f3N FUTURA ONE JUNIOR<\/p>\n","protected":false},"featured_media":49710,"template":"","meta":[],"product_brand":[],"product_cat":[332],"product_tag":[42],"class_list":{"0":"post-34880","1":"product","2":"type-product","3":"status-publish","4":"has-post-thumbnail","6":"product_cat-deportes_piscina_gafas","7":"product_tag-speedo","8":"pa_color-unico","9":"pa_talla-unica","10":"thunk-woo-product-list","11":"opn-qv-enable","12":"open-woo-hover-","13":"open-single-product-tab-horizontal","14":"open-shadow-","15":"open-shadow-hover-","17":"first","18":"instock","19":"shipping-taxable","20":"purchasable","21":"product-type-variable"},"jetpack_sharing_enabled":true,"_links":{"self":[{"href":"https:\/\/www.deporteseli.com\/index.php?rest_route=\/wp\/v2\/product\/34880","targetHints":{"allow":["GET"]}}],"collection":[{"href":"https:\/\/www.deporteseli.com\/index.php?rest_route=\/wp\/v2\/product"}],"about":[{"href":"https:\/\/www.deporteseli.com\/index.php?rest_route=\/wp\/v2\/types\/product"}],"wp:featuredmedia":[{"embeddable":true,"href":"https:\/\/www.deporteseli.com\/index.php?rest_route=\/wp\/v2\/media\/49710"}],"wp:attachment":[{"href":"https:\/\/www.deporteseli.com\/index.php?rest_route=%2Fwp%2Fv2%2Fmedia&parent=34880"}],"wp:term":[{"taxonomy":"product_brand","embeddable":true,"href":"https:\/\/www.deporteseli.com\/index.php?rest_route=%2Fwp%2Fv2%2Fproduct_brand&post=34880"},{"taxonomy":"product_cat","embeddable":true,"href":"https:\/\/www.deporteseli.com\/index.php?rest_route=%2Fwp%2Fv2%2Fproduct_cat&post=34880"},{"taxonomy":"product_tag","embeddable":true,"href":"https:\/\/www.deporteseli.com\/index.php?rest_route=%2Fwp%2Fv2%2Fproduct_tag&post=34880"}],"curies":[{"name":"wp","href":"https:\/\/api.w.org\/{rel}","templated":true}]}}