{"id":34858,"date":"2026-01-27T16:36:36","date_gmt":"2026-01-27T16:36:36","guid":{"rendered":"https:\/\/www.deporteseli.com\/?product=balines-gamo-match-diabolo-calibre-4-5-mm"},"modified":"2026-02-16T07:42:11","modified_gmt":"2026-02-16T07:42:11","slug":"balines-gamo-match-diabolo-calibre-4-5-mm","status":"publish","type":"product","link":"https:\/\/www.deporteseli.com\/?product=balines-gamo-match-diabolo-calibre-4-5-mm","title":{"rendered":"BALINES GAMO MATCH DIABOLO CALIBRE 4.5 MM"},"content":{"rendered":"<p>Lata de 250 balines GAMO Match Diabolo del calibre 4.5mm (.177). Cl\u00e1sico bal\u00edn de copa fabricado en Espa\u00f1a por la empresa GAMO. Material: plomo. Peso de cada bal\u00edn: 0,49 g.                                                                                                                                                                                                                                                                                                                                                                                                                                                                                                                                                                                                                                                                                                                                                                                                                                                                                                                                                                                                                                        <\/p>\n","protected":false},"excerpt":{"rendered":"<p>BALINES GAMO MATCH DIABOLO CALIBRE 4.5 MM<\/p>\n","protected":false},"featured_media":49701,"template":"","meta":[],"product_brand":[],"product_cat":[412],"product_tag":[38],"class_list":{"0":"post-34858","1":"product","2":"type-product","3":"status-publish","4":"has-post-thumbnail","6":"product_cat-accesorios_balines","7":"product_tag-gamo","8":"pa_color-unico","9":"pa_talla-unica","10":"thunk-woo-product-list","11":"opn-qv-enable","12":"open-woo-hover-","13":"open-single-product-tab-horizontal","14":"open-shadow-","15":"open-shadow-hover-","17":"first","18":"instock","19":"shipping-taxable","20":"purchasable","21":"product-type-variable"},"jetpack_sharing_enabled":true,"_links":{"self":[{"href":"https:\/\/www.deporteseli.com\/index.php?rest_route=\/wp\/v2\/product\/34858","targetHints":{"allow":["GET"]}}],"collection":[{"href":"https:\/\/www.deporteseli.com\/index.php?rest_route=\/wp\/v2\/product"}],"about":[{"href":"https:\/\/www.deporteseli.com\/index.php?rest_route=\/wp\/v2\/types\/product"}],"wp:featuredmedia":[{"embeddable":true,"href":"https:\/\/www.deporteseli.com\/index.php?rest_route=\/wp\/v2\/media\/49701"}],"wp:attachment":[{"href":"https:\/\/www.deporteseli.com\/index.php?rest_route=%2Fwp%2Fv2%2Fmedia&parent=34858"}],"wp:term":[{"taxonomy":"product_brand","embeddable":true,"href":"https:\/\/www.deporteseli.com\/index.php?rest_route=%2Fwp%2Fv2%2Fproduct_brand&post=34858"},{"taxonomy":"product_cat","embeddable":true,"href":"https:\/\/www.deporteseli.com\/index.php?rest_route=%2Fwp%2Fv2%2Fproduct_cat&post=34858"},{"taxonomy":"product_tag","embeddable":true,"href":"https:\/\/www.deporteseli.com\/index.php?rest_route=%2Fwp%2Fv2%2Fproduct_tag&post=34858"}],"curies":[{"name":"wp","href":"https:\/\/api.w.org\/{rel}","templated":true}]}}