{"id":34855,"date":"2026-01-27T16:36:33","date_gmt":"2026-01-27T16:36:33","guid":{"rendered":"https:\/\/www.deporteseli.com\/?product=adidas-tango-glider"},"modified":"2026-04-15T04:17:15","modified_gmt":"2026-04-15T04:17:15","slug":"adidas-tango-glider","status":"publish","type":"product","link":"https:\/\/www.deporteseli.com\/?product=adidas-tango-glider","title":{"rendered":"ADIDAS TANGO GLIDER"},"content":{"rendered":"<p>Descripci\u00f3n  La pelota de f\u00fatbol adidas Tango Glider para hombres es la elecci\u00f3n perfecta para los amantes del f\u00fatbol. Con costuras cosidas a m\u00e1quina, esta pelota garantiza un toque suave y una gran resistencia al desgaste. Adem\u00e1s, cuenta con una c\u00e1mara de butilo para una mejor retenci\u00f3n del aire, lo que significa que podr\u00e1s disfrutar de un juego m\u00e1s consistente. Esta pelota est\u00e1 hecha con 100% TPU moldeado por inyecci\u00f3n y viene en un elegante dise\u00f1o de blanco y negro. Ten en cuenta que es necesario inflarla antes de usarla.  Hazte con la tuya y disfruta de un juego de f\u00fatbol de calidad!    Caracter\u00edsticas  Costuras cosidas a m\u00e1quina que garantizan un toque suave y una gran resistencia al desgaste  C\u00e1mara de butilo para una mejor retenci\u00f3n del aire  Es necesario inflarlo  100% TPU moldeado por inyecci\u00f3n  Color del producto: Blanco\/Negro                                                                                                                                                                                                                                                                                                                                                                                                                                                                                                                                                                                                                                                                                                                                                                                                                                                                                                                                                                                                                                        <\/p>\n","protected":false},"excerpt":{"rendered":"<p>ADIDAS TANGO GLIDER<\/p>\n","protected":false},"featured_media":49698,"template":"","meta":[],"product_brand":[],"product_cat":[347],"product_tag":[18],"class_list":{"0":"post-34855","1":"product","2":"type-product","3":"status-publish","4":"has-post-thumbnail","6":"product_cat-deportes_balones","7":"product_tag-adidas","8":"pa_color-unico","9":"pa_talla-168","10":"pa_talla-169","11":"thunk-woo-product-list","12":"opn-qv-enable","13":"open-woo-hover-","14":"open-single-product-tab-horizontal","15":"open-shadow-","16":"open-shadow-hover-","18":"first","19":"instock","20":"shipping-taxable","21":"purchasable","22":"product-type-variable"},"jetpack_sharing_enabled":true,"_links":{"self":[{"href":"https:\/\/www.deporteseli.com\/index.php?rest_route=\/wp\/v2\/product\/34855","targetHints":{"allow":["GET"]}}],"collection":[{"href":"https:\/\/www.deporteseli.com\/index.php?rest_route=\/wp\/v2\/product"}],"about":[{"href":"https:\/\/www.deporteseli.com\/index.php?rest_route=\/wp\/v2\/types\/product"}],"wp:featuredmedia":[{"embeddable":true,"href":"https:\/\/www.deporteseli.com\/index.php?rest_route=\/wp\/v2\/media\/49698"}],"wp:attachment":[{"href":"https:\/\/www.deporteseli.com\/index.php?rest_route=%2Fwp%2Fv2%2Fmedia&parent=34855"}],"wp:term":[{"taxonomy":"product_brand","embeddable":true,"href":"https:\/\/www.deporteseli.com\/index.php?rest_route=%2Fwp%2Fv2%2Fproduct_brand&post=34855"},{"taxonomy":"product_cat","embeddable":true,"href":"https:\/\/www.deporteseli.com\/index.php?rest_route=%2Fwp%2Fv2%2Fproduct_cat&post=34855"},{"taxonomy":"product_tag","embeddable":true,"href":"https:\/\/www.deporteseli.com\/index.php?rest_route=%2Fwp%2Fv2%2Fproduct_tag&post=34855"}],"curies":[{"name":"wp","href":"https:\/\/api.w.org\/{rel}","templated":true}]}}