{"id":34847,"date":"2026-01-27T16:36:19","date_gmt":"2026-01-27T16:36:19","guid":{"rendered":"https:\/\/www.deporteseli.com\/?product=tobillera-adidas"},"modified":"2026-03-15T05:18:12","modified_gmt":"2026-03-15T05:18:12","slug":"tobillera-adidas","status":"publish","type":"product","link":"https:\/\/www.deporteseli.com\/?product=tobillera-adidas","title":{"rendered":"TOBILLERA ADIDAS"},"content":{"rendered":"<p>Domina el partido  Especialmente dise\u00f1ada para futbolistas que buscan cobertura extra en el tobillo. La tobillera adidas presenta un dise\u00f1o reforzado que te ofrece un ajuste m\u00e1s c\u00f3modo gracias a la banda el\u00e1stica que se coloca como un estribo y te garantiza una sujeci\u00f3n perfecta durante todo el partido.  Forro interior de poli\u00e9ster con elementos de protecci\u00f3n del tobillo  Correa en la parte inferior de la suela para conseguir un ajuste c\u00f3modo  70% poli\u00e9ster \/ 30% caucho natural  Dise\u00f1o con estribo para un ajuste m\u00e1s c\u00f3modo  Tejido de poli\u00e9ster con acolchado de goma  70% poli\u00e9ster\/30% goma natural  Color del art\u00edculo: White \/ Black  N\u00famero de art\u00edculo: 651879                                                                                                                                                                                                                                                                                                                                                                                                                                                                                                                                                                                                                                                                                                                                                                                                                                                                                                                                                                                                                                        <\/p>\n","protected":false},"excerpt":{"rendered":"<p>TOBILLERA ADIDAS<\/p>\n","protected":false},"featured_media":49692,"template":"","meta":[],"product_brand":[],"product_cat":[319],"product_tag":[18],"class_list":{"0":"post-34847","1":"product","2":"type-product","3":"status-publish","4":"has-post-thumbnail","6":"product_cat-deportes_futbol_tobilleras","7":"product_tag-adidas","8":"pa_color-unico","9":"pa_talla-unica","10":"thunk-woo-product-list","11":"opn-qv-enable","12":"open-woo-hover-","13":"open-single-product-tab-horizontal","14":"open-shadow-","15":"open-shadow-hover-","17":"first","18":"instock","19":"shipping-taxable","20":"purchasable","21":"product-type-variable"},"jetpack_sharing_enabled":true,"_links":{"self":[{"href":"https:\/\/www.deporteseli.com\/index.php?rest_route=\/wp\/v2\/product\/34847","targetHints":{"allow":["GET"]}}],"collection":[{"href":"https:\/\/www.deporteseli.com\/index.php?rest_route=\/wp\/v2\/product"}],"about":[{"href":"https:\/\/www.deporteseli.com\/index.php?rest_route=\/wp\/v2\/types\/product"}],"wp:featuredmedia":[{"embeddable":true,"href":"https:\/\/www.deporteseli.com\/index.php?rest_route=\/wp\/v2\/media\/49692"}],"wp:attachment":[{"href":"https:\/\/www.deporteseli.com\/index.php?rest_route=%2Fwp%2Fv2%2Fmedia&parent=34847"}],"wp:term":[{"taxonomy":"product_brand","embeddable":true,"href":"https:\/\/www.deporteseli.com\/index.php?rest_route=%2Fwp%2Fv2%2Fproduct_brand&post=34847"},{"taxonomy":"product_cat","embeddable":true,"href":"https:\/\/www.deporteseli.com\/index.php?rest_route=%2Fwp%2Fv2%2Fproduct_cat&post=34847"},{"taxonomy":"product_tag","embeddable":true,"href":"https:\/\/www.deporteseli.com\/index.php?rest_route=%2Fwp%2Fv2%2Fproduct_tag&post=34847"}],"curies":[{"name":"wp","href":"https:\/\/api.w.org\/{rel}","templated":true}]}}