{"id":34845,"date":"2026-01-27T16:36:16","date_gmt":"2026-01-27T16:36:16","guid":{"rendered":"https:\/\/www.deporteseli.com\/?product=pack-de-3-pares-de-calcetines-de-training"},"modified":"2026-01-27T16:36:18","modified_gmt":"2026-01-27T16:36:18","slug":"pack-de-3-pares-de-calcetines-de-training","status":"publish","type":"product","link":"https:\/\/www.deporteseli.com\/?product=pack-de-3-pares-de-calcetines-de-training","title":{"rendered":"PACK DE 3 PARES DE CALCETINES DE TRAINING"},"content":{"rendered":"<p>Comodidad y soporte.      Mejora tu entrenamiento con los calcetines de entrenamiento. La suela de felpa gruesa le brinda mayor comodidad para los taladros y elevaciones, mientras que los hilos de alta fricci\u00f3n en la plantilla reducen el deslizamiento. La tecnolog\u00eda Dri-FIT te ayuda a mantenerte seco y c\u00f3modo. Suela gruesa de terry para mayor comodidad y absorci\u00f3n de impactos. Los calcetines izquierdo y derecho anat\u00f3micamente correctos est\u00e1n dise\u00f1ados para un ajuste natural. Silueta de la tripulaci\u00f3n para un ajuste c\u00f3modo alrededor de la pantorrilla                                                                                                                                                                                                                                                                                                                                                                                                                                                                                                                                                                                                                                                                                                                                                                                                                                                                                                                                                                                                                                        <\/p>\n","protected":false},"excerpt":{"rendered":"<p>PACK DE 3 PARES DE CALCETINES DE TRAINING<\/p>\n","protected":false},"featured_media":49691,"template":"","meta":[],"product_brand":[],"product_cat":[400],"product_tag":[37],"class_list":{"0":"post-34845","1":"product","2":"type-product","3":"status-publish","4":"has-post-thumbnail","6":"product_cat-accesorios_calcetines","7":"product_tag-nike","8":"pa_color-negro","9":"pa_talla-xl","10":"thunk-woo-product-list","11":"opn-qv-enable","12":"open-woo-hover-","13":"open-single-product-tab-horizontal","14":"open-shadow-","15":"open-shadow-hover-","17":"first","18":"instock","19":"shipping-taxable","20":"purchasable","21":"product-type-variable"},"jetpack_sharing_enabled":true,"_links":{"self":[{"href":"https:\/\/www.deporteseli.com\/index.php?rest_route=\/wp\/v2\/product\/34845","targetHints":{"allow":["GET"]}}],"collection":[{"href":"https:\/\/www.deporteseli.com\/index.php?rest_route=\/wp\/v2\/product"}],"about":[{"href":"https:\/\/www.deporteseli.com\/index.php?rest_route=\/wp\/v2\/types\/product"}],"wp:featuredmedia":[{"embeddable":true,"href":"https:\/\/www.deporteseli.com\/index.php?rest_route=\/wp\/v2\/media\/49691"}],"wp:attachment":[{"href":"https:\/\/www.deporteseli.com\/index.php?rest_route=%2Fwp%2Fv2%2Fmedia&parent=34845"}],"wp:term":[{"taxonomy":"product_brand","embeddable":true,"href":"https:\/\/www.deporteseli.com\/index.php?rest_route=%2Fwp%2Fv2%2Fproduct_brand&post=34845"},{"taxonomy":"product_cat","embeddable":true,"href":"https:\/\/www.deporteseli.com\/index.php?rest_route=%2Fwp%2Fv2%2Fproduct_cat&post=34845"},{"taxonomy":"product_tag","embeddable":true,"href":"https:\/\/www.deporteseli.com\/index.php?rest_route=%2Fwp%2Fv2%2Fproduct_tag&post=34845"}],"curies":[{"name":"wp","href":"https:\/\/api.w.org\/{rel}","templated":true}]}}