{"id":34841,"date":"2026-01-27T16:36:12","date_gmt":"2026-01-27T16:36:12","guid":{"rendered":"https:\/\/www.deporteseli.com\/?product=pala-nb-tifon-760804"},"modified":"2026-02-16T07:42:03","modified_gmt":"2026-02-16T07:42:03","slug":"pala-nb-tifon-760804","status":"publish","type":"product","link":"https:\/\/www.deporteseli.com\/?product=pala-nb-tifon-760804","title":{"rendered":"PALA NB TIFON 760804"},"content":{"rendered":"<p>Caracter\u00edsticas de Pala Ping Pong Enebe Tifon  Pala de Tenis de Mesa id\u00f3nea para los principiantes que desean perfeccionar su tecnica de juego.  Pala recomendada por la RFETM (Real Federaci\u00f3n Espa\u00f1ola de Tenis de Mesa).  CARACTER\u00cdSTICAS  Serie300        Velocidad5        Control10        Efecto6        Esponja1,5 mm        GomaGoma Lisa        MangoConcavo        Estilo de JuegoControl                                                                                                                                                                                                                                                                                                                                                                                                                                                                                                                                                                                                                                                                                                                                                                                                                                                                                                                                                                                                                                        <\/p>\n","protected":false},"excerpt":{"rendered":"<p>PALA NB TIFON 760804<\/p>\n","protected":false},"featured_media":49689,"template":"","meta":[],"product_brand":[],"product_cat":[339],"product_tag":[23],"class_list":{"0":"post-34841","1":"product","2":"type-product","3":"status-publish","4":"has-post-thumbnail","6":"product_cat-deportes_tenis_de_mesa","7":"product_tag-nb","8":"pa_color-unico","9":"pa_talla-unica","10":"thunk-woo-product-list","11":"opn-qv-enable","12":"open-woo-hover-","13":"open-single-product-tab-horizontal","14":"open-shadow-","15":"open-shadow-hover-","17":"first","18":"instock","19":"shipping-taxable","20":"purchasable","21":"product-type-variable"},"jetpack_sharing_enabled":true,"_links":{"self":[{"href":"https:\/\/www.deporteseli.com\/index.php?rest_route=\/wp\/v2\/product\/34841","targetHints":{"allow":["GET"]}}],"collection":[{"href":"https:\/\/www.deporteseli.com\/index.php?rest_route=\/wp\/v2\/product"}],"about":[{"href":"https:\/\/www.deporteseli.com\/index.php?rest_route=\/wp\/v2\/types\/product"}],"wp:featuredmedia":[{"embeddable":true,"href":"https:\/\/www.deporteseli.com\/index.php?rest_route=\/wp\/v2\/media\/49689"}],"wp:attachment":[{"href":"https:\/\/www.deporteseli.com\/index.php?rest_route=%2Fwp%2Fv2%2Fmedia&parent=34841"}],"wp:term":[{"taxonomy":"product_brand","embeddable":true,"href":"https:\/\/www.deporteseli.com\/index.php?rest_route=%2Fwp%2Fv2%2Fproduct_brand&post=34841"},{"taxonomy":"product_cat","embeddable":true,"href":"https:\/\/www.deporteseli.com\/index.php?rest_route=%2Fwp%2Fv2%2Fproduct_cat&post=34841"},{"taxonomy":"product_tag","embeddable":true,"href":"https:\/\/www.deporteseli.com\/index.php?rest_route=%2Fwp%2Fv2%2Fproduct_tag&post=34841"}],"curies":[{"name":"wp","href":"https:\/\/api.w.org\/{rel}","templated":true}]}}