{"id":34814,"date":"2026-01-27T16:35:40","date_gmt":"2026-01-27T16:35:40","guid":{"rendered":"https:\/\/www.deporteseli.com\/?product=cholas-paseo-22v"},"modified":"2026-03-22T05:18:03","modified_gmt":"2026-03-22T05:18:03","slug":"cholas-paseo-22v","status":"publish","type":"product","link":"https:\/\/www.deporteseli.com\/?product=cholas-paseo-22v","title":{"rendered":"CHOLAS PASEO 22V"},"content":{"rendered":"<p>Zueco de EVA inyectada, destaca la protecci\u00f3n que nos ofrece al pie, siendo una zapatilla con huecos para la transpiraci\u00f3n y evacuaci\u00f3n del agua, a la vez nos cubre y protege todo el empeine y puntera. Cuenta con una tira trasera abatible para ajustarla al tal\u00f3n en caso de que queramos una mayor sujecci\u00f3n. Puedes mojarla sin problema.                                                                                                                                                                                                                                                                                                                                                                                                                                                                                                                                                                                                                                                                                                                                                                                                                                                                                                                                                                                                                                        <\/p>\n","protected":false},"excerpt":{"rendered":"<p>CHOLAS PASEO 22V<\/p>\n","protected":false},"featured_media":49682,"template":"","meta":[],"product_brand":[],"product_cat":[265],"product_tag":[43],"class_list":{"0":"post-34814","1":"product","2":"type-product","3":"status-publish","4":"has-post-thumbnail","6":"product_cat-hombre_calzado_cholas","7":"product_tag-jhon_smith","8":"pa_color-negro","9":"pa_talla-141","10":"pa_talla-145","11":"pa_talla-153","12":"thunk-woo-product-list","13":"opn-qv-enable","14":"open-woo-hover-","15":"open-single-product-tab-horizontal","16":"open-shadow-","17":"open-shadow-hover-","19":"first","20":"instock","21":"shipping-taxable","22":"purchasable","23":"product-type-variable"},"jetpack_sharing_enabled":true,"_links":{"self":[{"href":"https:\/\/www.deporteseli.com\/index.php?rest_route=\/wp\/v2\/product\/34814","targetHints":{"allow":["GET"]}}],"collection":[{"href":"https:\/\/www.deporteseli.com\/index.php?rest_route=\/wp\/v2\/product"}],"about":[{"href":"https:\/\/www.deporteseli.com\/index.php?rest_route=\/wp\/v2\/types\/product"}],"wp:featuredmedia":[{"embeddable":true,"href":"https:\/\/www.deporteseli.com\/index.php?rest_route=\/wp\/v2\/media\/49682"}],"wp:attachment":[{"href":"https:\/\/www.deporteseli.com\/index.php?rest_route=%2Fwp%2Fv2%2Fmedia&parent=34814"}],"wp:term":[{"taxonomy":"product_brand","embeddable":true,"href":"https:\/\/www.deporteseli.com\/index.php?rest_route=%2Fwp%2Fv2%2Fproduct_brand&post=34814"},{"taxonomy":"product_cat","embeddable":true,"href":"https:\/\/www.deporteseli.com\/index.php?rest_route=%2Fwp%2Fv2%2Fproduct_cat&post=34814"},{"taxonomy":"product_tag","embeddable":true,"href":"https:\/\/www.deporteseli.com\/index.php?rest_route=%2Fwp%2Fv2%2Fproduct_tag&post=34814"}],"curies":[{"name":"wp","href":"https:\/\/api.w.org\/{rel}","templated":true}]}}