{"id":27346,"date":"2026-01-08T08:20:40","date_gmt":"2026-01-08T08:20:40","guid":{"rendered":"https:\/\/www.deporteseli.com\/?page_id=27346"},"modified":"2026-01-08T08:20:42","modified_gmt":"2026-01-08T08:20:42","slug":"condiciones-de-compra","status":"publish","type":"page","link":"https:\/\/www.deporteseli.com\/?page_id=27346","title":{"rendered":"CONDICIONES DE COMPRA"},"content":{"rendered":"\n<p>Las compras realizadas por nuestros usuarios a trav\u00e9s de nuestra web (\u00abwww.deporteseli.com\u00bb) se rigen por las condiciones descritas a continuaci\u00f3n. La compra de productos a trav\u00e9s de www.deporteseli.com implica la aceptaci\u00f3n plena y sin reservas por parte del usuario de las siguientes condiciones de compra. Las Condiciones no cubren la compra de nuestros productos por parte de terceros fuera del Sitio Web.<\/p>\n\n\n\n<p>Datos del prestador de servicios de la Sociedad de la Informaci\u00f3n, titular de la web<\/p>\n\n\n\n<figure class=\"wp-block-table\"><table><tbody><tr><td><a><strong>Identidad<\/strong><\/a><\/td><td>JUAN ANTONIO GARC\u00cdA DONIZ &#8211; 78607379A<\/td><\/tr><tr><td><strong>Direcci\u00f3n<\/strong><\/td><td>Avenida Alonso Fern\u00e1ndez de Lugo &#8211; Edificio C\u00f3rdoba 6 &#8211; El Mayorazgo, 38300 &#8211; La Orotava (Santa Cruz de Tenerife)<\/td><\/tr><tr><td><strong>Tel\u00e9fono<\/strong><\/td><td>646592569<\/td><\/tr><tr><td><strong>Web<\/strong><strong><\/strong><\/td><td>www.deporteseli.com<\/td><\/tr><tr><td><strong>Correo-e<\/strong><\/td><td>info@deporteseli.com<\/td><\/tr><\/tbody><\/table><\/figure>\n\n\n\n<p>Lea detenidamente estas Condiciones antes de efectuar un pedido de cualquier \u201cProducto\u201d en nuestro \u201cSitio Web\u201d. Si no acepta estas Condiciones, no podr\u00e1 efectuar un pedido de ning\u00fan Producto en nuestro Sitio Web. Puede imprimir una copia de estas Condiciones para consultarlas en el futuro.<\/p>\n\n\n\n<p><strong>1. Posibilidad de modificaci\u00f3n de las presentes condiciones y de la oferta comercial<\/strong><\/p>\n\n\n\n<p><strong>JUAN ANTONIO GARC\u00cdA DONIZ<\/strong>, en adelante <strong>DEPORTES ELI<\/strong>, puede modificar en cualquier momento las condiciones u ofertas publicadas en su web (precios, productos, promociones, y otras condiciones comerciales y de servicio). Pero las modificaciones no afectar\u00e1n en ning\u00fan caso a las compras ya realizadas por parte de nuestros usuarios.<\/p>\n\n\n\n<p>Los nombres y marcas de productos y fabricantes son utilizados \u00fanicamente con fines de identificaci\u00f3n. Todas las fotos, descripciones y precios no son contractuales.<\/p>\n\n\n\n<p>Las ofertas especiales, promociones o descuentos ser\u00e1n v\u00e1lidos hasta la fecha indicada o hasta fin del n\u00famero de existencias indicado. As\u00ed como los precios indicados en el momento de la consulta de la p\u00e1gina web.<\/p>\n\n\n\n<p><strong>2. \u00bfC\u00f3mo puedo comprar en la web?<\/strong><\/p>\n\n\n\n<p>La compra por parte del usuario se realiza\u00a0y perfecciona a trav\u00e9s del seguimiento del procedimiento de compra descrito en el presente apartado. Al realizar una compra en nuestra web, acepta que las comunicaciones con <strong><strong><strong>DEPORTES ELI<\/strong><\/strong><\/strong> sean principalmente por medios electr\u00f3nicos.<\/p>\n\n\n\n<p>Para proceder a realizar una compra en nuestra web s\u00f3lo debes seguir los siguientes pasos:<\/p>\n\n\n\n<ol style=\"list-style-type:1\" class=\"wp-block-list\">\n<li>Para poder realizar compras a trav\u00e9s de nuestra web se exige el previo registro como usuario.&nbsp; Una vez registrado ya puedes comprar nuestros productos.<\/li>\n\n\n\n<li>Para hacer una compra, debes a\u00f1adir los productos que te interesen en tu <em>\u201ccesta de la compra\u201d.<\/em><\/li>\n\n\n\n<li>Una vez que has llenado tu carrito con todos los productos que quieres comprar se finaliza la compra.<\/li>\n\n\n\n<li>Para cerrar la compra con\u00a0<strong><strong><strong>DEPORTES ELI<\/strong><\/strong><\/strong> tienes que finalizar la compra y proceder al abono del importe de los productos comprados a trav\u00e9s de la pasarela de pago.<\/li>\n\n\n\n<li>La compra quedar\u00e1 perfeccionada en el momento en que el usuario reciba por email la confirmaci\u00f3n del pedido, que reflejar\u00e1 detalladamente los productos que ha comprado y las presentes condiciones.<\/li>\n<\/ol>\n\n\n\n<p><strong>3. Precio de los productos. Impuestos y aduanas<\/strong><\/p>\n\n\n\n<p>El precio que aparece indicado en todo momento al lado de nuestros productos incluye IGIC.<\/p>\n\n\n\n<p>De existir un error tipogr\u00e1fico en alguno de los precios mostrados y si alg\u00fan usuario hubiera tomado una decisi\u00f3n de compra basada en dicho error, le comunicaremos esta incidencia de inmediato y el usuario tendr\u00e1 derecho a rescindir su compra sin ning\u00fan coste por su parte.<\/p>\n\n\n\n<p>El precio del producto no incluye los gastos de env\u00edo ni transporte que se le indicar\u00e1n en el momento de la realizaci\u00f3n del pedido.<\/p>\n\n\n\n<p><strong>4. \u00bfCu\u00e1les son las condiciones de env\u00edo y transporte?<\/strong><\/p>\n\n\n\n<p><strong>4.a) \u00bfA d\u00f3nde realizamos env\u00edos?<\/strong><\/p>\n\n\n\n<p>Realizamos env\u00edos a toda Canarias.<\/p>\n\n\n\n<p><strong>4.b) \u00bfEn qu\u00e9 plazo recibir\u00e1s tu pedido?<\/strong><\/p>\n\n\n\n<p>Los pedidos ser\u00e1n gestionados de lunes a viernes, los realizados en fines de semana o festivos ser\u00e1n gestionados el siguiente d\u00eda h\u00e1bil. Los pedidos realizados antes de las 14:00 horas se gestionar\u00e1n el mismo d\u00eda y tendr\u00e1n un plazo de entrega aproximado que oscilar\u00e1 entre 48 y 72 horas a contar desde la recepci\u00f3n de la confirmaci\u00f3n del pago del pedido y dependiendo de la forma de env\u00edo y empresa log\u00edstica seleccionada. Los plazos de entrega para pedidos realizados posterior a las 14:00 horas, comenzar\u00e1n a contar desde el siguiente d\u00eda h\u00e1bil. <\/p>\n\n\n\n<p>Si el art\u00edculo no se encuentra en stock, y no puede ser entregado en plazo le avisaremos del tiempo estimado para su solicitud y podr\u00e1 cambiarlo por otro art\u00edculo si as\u00ed lo desea o solicitar el reembolso del mismo.<\/p>\n\n\n\n<p>Estos plazos son orientativos y <strong><strong><strong><strong>DEPORTES ELI<\/strong><\/strong><\/strong><\/strong> se reserva el derecho de demorarlos por cuestiones ajenas a la empresa. En todo caso siempre intentaremos acortar al m\u00e1ximo los plazos de env\u00edo para procurar una r\u00e1pida y eficiente recepci\u00f3n de los pedidos.<\/p>\n\n\n\n<p>Los plazos pactados para la entrega del producto se entienden sin perjuicio de los retrasos que puedan ocasionarse por fuerza mayor y\/o causas ajenas a <strong><strong><strong>DEPORTES ELI<\/strong><\/strong><\/strong>.<\/p>\n\n\n\n<p><strong>4.c) \u00bfQu\u00e9 tengo que hacer en caso de retraso o error en el env\u00edo o entrega?<\/strong><\/p>\n\n\n\n<p>En caso de retraso, error en la entrega o producto extraviado, por favor p\u00f3nganse en contacto con nosotros a la mayor brevedad posible.\u00a0 <strong><strong><strong><strong>DEPORTES ELI<\/strong><\/strong><\/strong><\/strong> contactar\u00e1 con la empresa de log\u00edstica para iniciar una investigaci\u00f3n y resolver cuanto antes la incidencia. Haremos todos los esfuerzos que se encuentren a nuestro alcance, durante el tiempo necesario y en el plazo m\u00e1ximo de 48 horas contactaremos con el usuario y le daremos una soluci\u00f3n o le remitiremos un nuevo paquete id\u00e9ntico sin costes.<\/p>\n\n\n\n<p>El usuario tendr\u00e1 derecho a resolver el contrato y al abono del importe del producto y del env\u00edo si no hacemos la entrega en el plazo acordado y se cumplen las condiciones establecidas en el art\u00edculo 66.bis de Real Decreto Legislativo 1\/2007, de 16 de noviembre, por el que se aprueba el texto refundido de la Ley General para la Defensa de los Consumidores y Usuarios y otras leyes complementarias.<\/p>\n\n\n\n<p><strong>4.d) \u00bf<\/strong><strong>Cu\u00e1l<\/strong><strong> es el importe de los gastos de env\u00edo?<\/strong><\/p>\n\n\n\n<p>El importe de los gastos de env\u00edo se indica separadamente&nbsp;en el momento de la realizaci\u00f3n del pedido y corren a cargo del usuario debiendo ser aceptados antes de efectuar el pago.<\/p>\n\n\n\n<p>Los gastos de env\u00edo var\u00edan en funci\u00f3n del tipo de env\u00edo:<\/p>\n\n\n\n<div class=\"wp-block-columns is-layout-flex wp-container-core-columns-is-layout-28f84493 wp-block-columns-is-layout-flex\">\n<div class=\"wp-block-column is-layout-flow wp-block-column-is-layout-flow\" style=\"flex-basis:100%\">\n<div class=\"wp-block-group is-layout-constrained wp-block-group-is-layout-constrained\">\n<div class=\"wp-block-group is-layout-constrained wp-block-group-is-layout-constrained\">\n<figure class=\"wp-block-table\"><table><tbody><tr><td>Tipo de env\u00edo<\/td><td>Destino<\/td><td>Importe<\/td><\/tr><tr><td>Est\u00e1ndar<\/td><td>Retirada en tienda<\/td><td>GRATUITO<\/td><\/tr><tr><td>Est\u00e1ndar<\/td><td>Isla de Tenerife<\/td><td>8,95\u20ac<\/td><\/tr><tr><td>Est\u00e1ndar<\/td><td>Resto de islas<\/td><td>8,95\u20ac<\/td><\/tr><\/tbody><\/table><figcaption class=\"wp-element-caption\"><mark style=\"background-color:rgba(0, 0, 0, 0)\" class=\"has-inline-color has-heading-color\"><span style=\"text-decoration: underline;\"><strong>PARA LOS PEDIDOS REALIZADOS POR IMPORTE SUPERIOR A 50\u20ac LOS GASTOS DE ENV\u00cdO SER\u00c1N GRATUITOS<\/strong><\/span><\/mark><\/figcaption><\/figure>\n<\/div>\n<\/div>\n<\/div>\n<\/div>\n\n\n\n<p><strong>4.e) \u00bfD\u00f3nde recibir\u00e9 el pedido?<\/strong><\/p>\n\n\n\n<p>Los productos ser\u00e1n entregados en la direcci\u00f3n que indique el usuario en el formulario de pedido.<\/p>\n\n\n\n<p>La entrega se realizar\u00e1 a trav\u00e9s de las empresas de transporte ofrecidas por <strong><strong><strong><strong>DEPORTES ELI<\/strong><\/strong><\/strong>.<\/strong><\/p>\n\n\n\n<p>Si el usuario estuviera ausente en el momento de la entrega del pedido, la empresa de transporte contactar\u00e1 con usted para acordar una nueva entrega.<\/p>\n\n\n\n<p><strong><strong><strong><strong>DEPORTES ELI<\/strong><\/strong><\/strong><\/strong> har\u00e1 un seguimiento de la entrega del pedido.<\/p>\n\n\n\n<p><strong>5. Forma de pago<\/strong><\/p>\n\n\n\n<p><strong>5.a) \u00bfQu\u00e9 formas de pago puedo usar?<\/strong><\/p>\n\n\n\n<p>Los productos se pueden pagar mediante tarjeta de cr\u00e9dito Visa o Mastercard.<\/p>\n\n\n\n<p><strong>6. \u00bfC\u00f3mo son las facturas?<\/strong><\/p>\n\n\n\n<p>El usuario acepta que las facturas de las compras de los productos se expidan de forma electr\u00f3nica y se remitan por correo-e. Puede solicitar una copia de la factura en papel enviando un correo electr\u00f3nico\u00a0a info@deporteseli.com<\/p>\n\n\n\n<p><strong>7. <\/strong><strong>Devoluci\u00f3n<\/strong><\/p>\n\n\n\n<p><strong>7.a) \u00bf<\/strong><strong>Qu\u00e9<\/strong><strong> plazo tengo para desistir de la compra o para decidir devolver un producto?<\/strong><\/p>\n\n\n\n<p>El usuario dispondr\u00e1 de un plazo de catorce d\u00edas naturales para decidir devolver el \u201c<em>Producto<\/em>\u201d desde la fecha de la recepci\u00f3n del mismo sin incurrir en penalizaci\u00f3n ni gasto alguno, salvo los correspondientes a la devoluci\u00f3n y sin necesidad de justificaci\u00f3n.<\/p>\n\n\n\n<p>El plazo de desistimiento expirar\u00e1 a los 14 d\u00edas naturales del d\u00eda de la recepci\u00f3n del producto por el usuario o un tercero autorizado.<\/p>\n\n\n\n<p>En el supuesto de que se trate de productos personalizados no ser\u00e1 posible su devoluci\u00f3n.<\/p>\n\n\n\n<p><strong>7.b) \u00bfC\u00f3mo puedo desistir de la compra?<\/strong><\/p>\n\n\n\n<p>Si desea devolvernos el producto o desistir de la compra, deber\u00e1 comunicarnos su decisi\u00f3n de desistir del contrato a trav\u00e9s de una declaraci\u00f3n inequ\u00edvoca por medio de correo postal a <strong><strong><strong><strong><strong>DEPORTES ELI<\/strong><\/strong><\/strong><\/strong><\/strong> en la siguiente direcci\u00f3n: Avenida Alonso Fern\u00e1ndez de Lugo &#8211; Edificio C\u00f3rdoba 6 &#8211; El Mayorazgo, 38300 &#8211; La Orotava (Santa Cruz de Tenerife); o por medio de un correo-e a info@deporteseli.com.<\/p>\n\n\n\n<p>Podr\u00e1 utilizar para ello el modelo de formulario de desistimiento que incorporamos a continuaci\u00f3n, aunque su uso no es obligatorio, bastando cualquier comunicaci\u00f3n en la que informen del ejercicio por su parte del derecho de desistimiento antes de que venza el plazo correspondiente.<\/p>\n\n\n\n<figure class=\"wp-block-table\"><table><tbody><tr><td><strong>\u00a0<\/strong><br><strong>Formulario de Desistimiento<\/strong><br>(solo se debe cumplimentar y enviar si se desea desistir de la compra)<br>\u00a0<br>A la atenci\u00f3n de:<br><strong><strong><strong><strong><strong>DEPORTES ELI<\/strong><\/strong><\/strong><\/strong><\/strong><br>Avenida Alonso Fern\u00e1ndez de Lugo &#8211; Edificio C\u00f3rdoba 6 &#8211; El Mayorazgo, 38300 &#8211; La Orotava (Santa Cruz de Tenerife)<br><a>info@deporteseli.com<\/a><a href=\"#_msocom_1\">[NRY1]<\/a>\u00a0.<br>\u00a0<br>Por la presente le comunico\/comunicamos que desisto del contrato de venta del\/de los siguiente\/s producto\/s:<br>\u00a0<br>N\u00famero de pedido:<br>Art\u00edculo:<br>Recibido en fecha:<br>Nombre\/s del\/de los consumidor\/consumidores y usuario\/s:<br>Domicilio\/s del\/de los consumidor\/consumidores y usuario\/s:<br>\u00a0<br>Firma del consumidor y usuario o de los consumidores y usuarios<br>(solo si el presente formulario se presenta en papel)<br>\u00a0<br>Fecha<\/td><\/tr><\/tbody><\/table><\/figure>\n\n\n\n<p><strong>7.c) \u00bfCu\u00e1les son los <\/strong><strong>requisitos<\/strong><strong> para el ejercicio de derecho de desistimiento?<\/strong><\/p>\n\n\n\n<p>Si el usuario decide desistir de su compra una vez llegue el pedido, tendr\u00e1 que hacerse responsable de los gastos de env\u00edo originales en el caso de existir.<\/p>\n\n\n\n<p>El usuario podr\u00e1 devolver los productos por correo postal en la siguiente direcci\u00f3n:\u00a0 <strong><strong><strong><strong><strong>DEPORTES ELI<\/strong><\/strong><\/strong><\/strong><\/strong><\/p>\n\n\n\n<p>Avenida Alonso Fern\u00e1ndez de Lugo &#8211; Edificio C\u00f3rdoba 6 &#8211; El Mayorazgo, 38300 &#8211; La Orotava (Santa Cruz de Tenerife)<\/p>\n\n\n\n<p>En caso de desistimiento por su parte, le devolveremos todos los pagos recibidos de usted, excluidos los gastos de env\u00edo, (en caso de existir). Pero para ello deber\u00e1 devolvernos o entregarnos directamente los productos, sin ninguna demora indebida y, en cualquier caso, a m\u00e1s tardar en el plazo de 14 d\u00edas naturales a partir de la fecha en que nos comunique su decisi\u00f3n de desistimiento. Se considerar\u00e1 cumplido el plazo de desistimiento si efect\u00faa la devoluci\u00f3n de los bienes antes de que haya concluido el plazo correspondiente.<\/p>\n\n\n\n<p><strong>7.d) \u00bfC\u00f3mo se hace el reembolso?<\/strong><\/p>\n\n\n\n<p><strong><strong><strong><strong><strong>DEPORTES ELI<\/strong><\/strong><\/strong><\/strong><\/strong> efectuar\u00e1 el reembolso del importe del producto utilizando el mismo medio de pago empleado por el usted en el momento de la compra, salvo que haya usted dispuesto expresamente lo contrario; en todo caso, no incurrir\u00e1 en ning\u00fan gasto como consecuencia del reembolso en el plazo m\u00e1ximo de 14 d\u00edas naturales a partir de la fecha en la que se nos informe del desistimiento.<\/p>\n\n\n\n<p>En el supuesto de que se haya entregado el pedido podremos retener el reembolso hasta haber recibido los productos, o hasta que presente una prueba de la devoluci\u00f3n de los mismos. Al devolver un \u201c<em>Producto<\/em>\u201d, le recomendamos que obtenga un justificante de su env\u00edo del mismo.<\/p>\n\n\n\n<p>Para la devoluci\u00f3n del producto es necesario que \u00e9ste no haya sido usado y conserve su precinto o embalaje original intacto. No se admitir\u00e1n embalajes en los que se haya pegado alg\u00fan tipo de pegatina, papel adhesivo o similar por parte del usuario. Nos reservamos el derecho a denegar un reembolso completo, si el \u201c<em>Producto<\/em>\u201d devuelto ha sufrido da\u00f1os.<\/p>\n\n\n\n<p>Si la devoluci\u00f3n se produce porque el usuario considera que el \u201c<em>Producto<\/em>\u201d es defectuoso y desea la devoluci\u00f3n del importe abonado, dispone tambi\u00e9n de catorce d\u00edas h\u00e1biles para su devoluci\u00f3n desde la recepci\u00f3n del producto. La devoluci\u00f3n por esta v\u00eda no limita los derechos que le pueden asistir de conformidad con la garant\u00eda de producto establecida por la normativa de consumidores y usuarios.<\/p>\n\n\n\n<p><strong>8. Garant\u00eda legal<\/strong><\/p>\n\n\n\n<p>Los productos o contenido digital vendidos por <strong><strong><strong><strong><strong>DEPORTES ELI<\/strong><\/strong><\/strong><\/strong><\/strong> est\u00e1n cubiertos por la garant\u00eda legal desde la entrega en los productos o contenido digital nuevos a cargo del vendedor, conforme a lo previsto en la normativa de consumidores y usuarios.<\/p>\n\n\n\n<p>La garant\u00eda legal quedar\u00e1 cubierta de la siguiente manera:<\/p>\n\n\n\n<ol style=\"list-style-type:lower-alpha\" class=\"wp-block-list\">\n<li><strong>Bienes materiales: 3 a\u00f1os<\/strong><\/li>\n<\/ol>\n\n\n\n<p>No cubrimos los defectos ocasionados por mal uso, negligencia o manipulaci\u00f3n incorrecta. Los \u201c<em>Productos<\/em>\u201d vendidos en nuestro Sitio Web est\u00e1n destinados \u00fanicamente al uso descrito en las especificaciones de cada producto o contenido digital.<\/p>\n\n\n\n<p><strong>9. Pol\u00edtica de protecci\u00f3n de datos<\/strong><\/p>\n\n\n\n<p><strong><strong><strong><strong><strong>DEPORTES ELI<\/strong><\/strong><\/strong><\/strong><\/strong> se compromete a cumplir la legislaci\u00f3n vigente en materia de tratamiento de datos de car\u00e1cter personal.<\/p>\n\n\n\n<p>Puede acceder a m\u00e1s informaci\u00f3n en nuestra Pol\u00edtica de Privacidad<strong>.<\/strong><\/p>\n\n\n\n<p><strong>10. Reclamaciones y atenci\u00f3n al consumidor y usuario<\/strong><\/p>\n\n\n\n<p>Si usted no est\u00e1 contento con su producto\/servicio rogamos nos lo comunique en la siguiente direcci\u00f3n: <strong><strong><strong><strong><strong>DEPORTES ELI<\/strong><\/strong><\/strong><\/strong><\/strong> con domicilio en Avenida Alonso Fern\u00e1ndez de Lugo &#8211; Edificio C\u00f3rdoba 6 &#8211; El Mayorazgo, 38300 &#8211; La Orotava (Santa Cruz de Tenerife) o en el siguiente correo-e info@deporteseli.com<\/p>\n\n\n\n<p>Puede presentar cualquier tipo de reclamaci\u00f3n en la siguiente direcci\u00f3n info@deporteseli.com<\/p>\n\n\n\n<p>Adem\u00e1s, disponemos hojas oficiales de reclamaci\u00f3n a disposici\u00f3n de nuestros clientes y usuarios. Puede solicitarlas llamando al tel\u00e9fono 646592569o en el correo-e info@deporteseli.com<\/p>\n\n\n\n<p><strong>11. Causa de fuerza mayor<\/strong><\/p>\n\n\n\n<p><strong><strong><strong><strong><strong>DEPORTES ELI<\/strong><\/strong><\/strong><\/strong><\/strong>\u00a0 no ser\u00e1 responsable por ning\u00fan incumplimiento o retraso en el cumplimiento de alguna de las obligaciones asumidas, cuando el mismo se deba a acontecimientos que est\u00e1n fuera de nuestro control razonable (\u00abCausa de Fuerza Mayor\u00bb).<\/p>\n\n\n\n<p>Las Causas de Fuerza Mayor incluir\u00e1n cualquier acto, acontecimiento, falta de ejercicio, omisi\u00f3n o accidente que est\u00e9 fuera de nuestro control razonable como a)Huelgas, cierres patronales u otras medidas reivindicativas; b) Conmoci\u00f3n civil, revuelta, invasi\u00f3n, amenaza o ataque terrorista, guerra (declarada o no) o amenaza o preparativos de guerra; c) Incendio, explosi\u00f3n, tormenta, inundaci\u00f3n, terremoto, hundimiento, epidemia o cualquier otro desastre natural; d) Imposibilidad de uso de medios de transporte; Imposibilidad de uso de sistemas de telecomunicaciones; y e) Actos, normativa o restricciones gubernamentales.<\/p>\n\n\n\n<p>Las obligaciones derivadas de las presente condiciones quedar\u00e1n suspendidas durante el per\u00edodo de Causa de Fuerza Mayor y se ampliar\u00e1 el plazo para cumplir dichas obligaciones por un periodo de tiempo igual al que dure la Causa de Fuerza Mayor y pondremos todos los medios razonables para que finalice la Causa de Fuerza Mayor o encontrar una soluci\u00f3n que nos permita cumplir nuestras obligaciones a pesar de la Causa de Fuerza Mayor.<\/p>\n\n\n\n<p><strong>12. Nulidad parcial<\/strong><\/p>\n\n\n\n<p>Si alguna de las presentes Condiciones fuese declarada nula y sin efecto por resoluci\u00f3n firme dictada por autoridad competente, los restantes t\u00e9rminos y condiciones permanecer\u00e1n en vigor, sin que queden afectados por dicha declaraci\u00f3n de nulidad.<\/p>\n\n\n\n<p><strong>13. Legislaci\u00f3n aplicable y tribunales competentes<\/strong><\/p>\n\n\n\n<p>Los contratos de compra de productos a trav\u00e9s de nuestro Sitio Web y las controversias o demandas que se deriven de los mismos o que se refieran a su objeto o celebraci\u00f3n (incluidos litigios o demandas extracontractuales) se regir\u00e1n por la legislaci\u00f3n espa\u00f1ola.<\/p>\n\n\n\n<p>Cualquier controversia que surja o guarde relaci\u00f3n con el uso de la p\u00e1gina web o con los productos ser\u00e1 sometida a la <strong>jurisdicci\u00f3n no exclusiva<\/strong> de los juzgados y tribunales espa\u00f1oles de la provincia de Santa Cruz de Tenerife.<\/p>\n\n\n\n<p>Si usted est\u00e1 contratando como consumidor, nada en la presente cl\u00e1usula afectar\u00e1 a los derechos que como tal le reconoce la legislaci\u00f3n vigente, pudiendo elegir presentar una reclamaci\u00f3n para hacer valer sus derechos en relaci\u00f3n con las presentes Condiciones ante el Juez o Tribunales que correspondan a su domicilio.<\/p>\n\n\n\n<p><strong>14. Plataforma de resoluci\u00f3n de conflictos en l\u00ednea<\/strong><\/p>\n\n\n\n<p>En cumplimiento de la obligaci\u00f3n de informaci\u00f3n a los consumidores establecida en el Art. 14 del Reglamento (UE) 524\/2013 sobre Resoluci\u00f3n de litigios en l\u00ednea en materia de consumo <strong>JUAN ANTONIO GARC\u00cdA DONIZ<\/strong> le informa que la Comisi\u00f3n Europea facilita una plataforma de resoluci\u00f3n de conflictos online que se encuentra disponible en el siguiente enlace:\u00a0<\/p>\n\n\n\n<p><a href=\"https:\/\/webgate.ec.europa.eu\/odr\/main\/index.cfm?event=main.home.show&amp;lng=ES\">https:\/\/webgate.ec.europa.eu\/odr\/main\/index.cfm?event=main.home.show&amp;lng=ES<\/a>&nbsp; y donde podr\u00e1 poner sus reclamaciones para tratar de llegar a una soluci\u00f3n extrajudicial, si reside en la UE.<\/p>\n\n\n\n<p><strong>15. Notificaciones<\/strong><\/p>\n\n\n\n<p>Ocasionalmente, <strong><strong><strong><strong><strong>DEPORTES ELI<\/strong><\/strong><\/strong><\/strong><\/strong> podr\u00e1 utilizar sus datos de car\u00e1cter personal para enviarle notificaciones por medio de correo electr\u00f3nico o mensaje telef\u00f3nico. Dichas notificaciones se har\u00e1n para informar sobre las modificaciones en nuestros\u00a0 productos.<\/p>\n\n\n\n<p><strong>16. Compromiso de calidad con nuestros usuarios. Comentarios y sugerencias<\/strong><\/p>\n\n\n\n<p>El cliente debe tener presente que en productos le ofrecemos&nbsp;un capital humano, que est\u00e1 dispuesto a ayudarle de forma personalizada. Nuestro objetivo es la satisfacci\u00f3n de nuestros clientes con nuestros productos y obtener los m\u00e1s altos est\u00e1ndares de calidad.<\/p>\n\n\n\n<p>Sus comentarios y sugerencias ser\u00e1n bien recibidos. Puede contactar con nosotros a trav\u00e9s de email en info@deporteseli.com o por tel\u00e9fono 646592569<\/p>\n","protected":false},"excerpt":{"rendered":"<p>Las compras realizadas por nuestros usuarios a trav\u00e9s de nuestra web (\u00abwww.deporteseli.com\u00bb) se rigen por las condiciones descritas a continuaci\u00f3n. La compra de productos a trav\u00e9s de www.deporteseli.com implica la aceptaci\u00f3n plena y sin reservas por parte del usuario de las siguientes condiciones de compra. Las Condiciones no cubren la compra de nuestros productos por &hellip;<\/p>\n<p class=\"read-more\"> <a class=\" thunk-readmore button \" href=\"https:\/\/www.deporteseli.com\/?page_id=27346\"> <span class=\"screen-reader-text\">CONDICIONES DE COMPRA<\/span>Read More<\/a><\/p>\n","protected":false},"author":1,"featured_media":0,"parent":0,"menu_order":0,"comment_status":"closed","ping_status":"closed","template":"page-faq.php","meta":{"footnotes":""},"class_list":["post-27346","page","type-page","status-publish","hentry","thunk-woo-product-list","opn-qv-enable","open-woo-hover-","open-single-product-tab-horizontal","open-shadow-","open-shadow-hover-"],"jetpack_sharing_enabled":true,"_links":{"self":[{"href":"https:\/\/www.deporteseli.com\/index.php?rest_route=\/wp\/v2\/pages\/27346","targetHints":{"allow":["GET"]}}],"collection":[{"href":"https:\/\/www.deporteseli.com\/index.php?rest_route=\/wp\/v2\/pages"}],"about":[{"href":"https:\/\/www.deporteseli.com\/index.php?rest_route=\/wp\/v2\/types\/page"}],"author":[{"embeddable":true,"href":"https:\/\/www.deporteseli.com\/index.php?rest_route=\/wp\/v2\/users\/1"}],"replies":[{"embeddable":true,"href":"https:\/\/www.deporteseli.com\/index.php?rest_route=%2Fwp%2Fv2%2Fcomments&post=27346"}],"version-history":[{"count":3,"href":"https:\/\/www.deporteseli.com\/index.php?rest_route=\/wp\/v2\/pages\/27346\/revisions"}],"predecessor-version":[{"id":27353,"href":"https:\/\/www.deporteseli.com\/index.php?rest_route=\/wp\/v2\/pages\/27346\/revisions\/27353"}],"wp:attachment":[{"href":"https:\/\/www.deporteseli.com\/index.php?rest_route=%2Fwp%2Fv2%2Fmedia&parent=27346"}],"curies":[{"name":"wp","href":"https:\/\/api.w.org\/{rel}","templated":true}]}}