{"id":27332,"date":"2026-01-06T09:28:08","date_gmt":"2026-01-06T09:28:08","guid":{"rendered":"https:\/\/www.deporteseli.com\/?page_id=27332"},"modified":"2026-01-06T09:45:01","modified_gmt":"2026-01-06T09:45:01","slug":"politica-de-cookies","status":"publish","type":"page","link":"https:\/\/www.deporteseli.com\/?page_id=27332","title":{"rendered":"POL\u00cdTICA DE COOKIES"},"content":{"rendered":"\n<ol class=\"wp-block-list\">\n<li><strong>\u00bfQU\u00c9 SON LAS COOKIES?<\/strong><\/li>\n<\/ol>\n\n\n\n<p>Una cookie es un archivo de texto que un servidor web puede guardar en el disco duro de tu equipo para almacenar alg\u00fan tipo de informaci\u00f3n sobre ti como usuario. Las cookies se utilizan con diversas finalidades tales como almacenar datos para pr\u00f3ximas visitas, para reconocer al usuario y evitar pedir de nuevo la autentificaci\u00f3n, para saber que paginas visitas, o para guardar tus preferencias en \u00e1reas personalizables&#8230;). Normalmente los sitios web utilizan las cookies para obtener informaci\u00f3n estad\u00edstica sobre sus p\u00e1ginas web, y analizar el comportamiento de sus clientes\/usuarios.<\/p>\n\n\n\n<p>Quedan exceptuadas del cumplimiento de las obligaciones establecidas en el art\u00edculo 22.2 de la LSSI las cookies utilizadas para alguna de las siguientes finalidades:<\/p>\n\n\n\n<ul class=\"wp-block-list\">\n<li>Permitir \u00fanicamente la comunicaci\u00f3n entre el equipo del usuario y la red.<\/li>\n\n\n\n<li>Estrictamente prestar un servicio expresamente solicitado por el usuario.<\/li>\n<\/ul>\n\n\n\n<p>As\u00ed, quedan entre las cookies exceptuadas estar\u00edan aquellas que tienen por finalidad:<\/p>\n\n\n\n<ul class=\"wp-block-list\">\n<li>Cookies de \u201centrada del usuario\u201d.<\/li>\n\n\n\n<li>Cookies de autenticaci\u00f3n o identificaci\u00f3n de usuario (\u00fanicamente de sesi\u00f3n).<\/li>\n\n\n\n<li>Cookies de seguridad del usuario<\/li>\n\n\n\n<li>Cookies de sesi\u00f3n de reproductor multimedia.<\/li>\n\n\n\n<li>Cookies de sesi\u00f3n para equilibrar la carga.<\/li>\n\n\n\n<li>Cookies de personalizaci\u00f3n de la interfaz de usuario.<\/li>\n\n\n\n<li>Determinadas cookies de complemento (plug-in) para intercambiar contenidos sociales<\/li>\n<\/ul>\n\n\n\n<p>Los usos concretos que hacemos de estas tecnolog\u00edas se describen en los siguientes apartados.<\/p>\n\n\n\n<ol start=\"2\" class=\"wp-block-list\">\n<li><strong>TIPOS DE COOKIES<\/strong><\/li>\n<\/ol>\n\n\n\n<p>Las cookies pueden clasificarse seg\u00fan los siguientes criterios:<\/p>\n\n\n\n<p>Seg\u00fan <strong>quien instala<\/strong> la cookie, \u00e9stas pueden ser:<\/p>\n\n\n\n<p><strong>Cookies propias:<\/strong> Son aqu\u00e9llas que se env\u00edan al equipo terminal del usuario desde un equipo o dominio gestionado por el propio editor y desde el que se presta el servicio solicitado por el usuario.<\/p>\n\n\n\n<p><strong>Cookies de terceros:<\/strong> Son aqu\u00e9llas que se env\u00edan al equipo terminal del usuario bien desde un desde un equipo o dominio gestionado por nosotros o por un tercero, pero la informaci\u00f3n que se recoja las cookies es gestionada por un tercero distinto del titular de la web. Seg\u00fan su <strong>plazo<\/strong> de conservaci\u00f3n, las cookies pueden ser:<\/p>\n\n\n\n<p><strong>Cookies de sesi\u00f3n<\/strong>: Son aquellas que duran el tiempo que el usuario est\u00e1 navegando por la p\u00e1gina Web y se borran cuando finaliza la navegaci\u00f3n.<\/p>\n\n\n\n<p><strong>Cookies persistentes:<\/strong> Quedan almacenadas en el terminal del usuario, por un tiempo m\u00e1s largo, facilitando as\u00ed el control de las preferencias elegidas sin tener que repetir ciertos par\u00e1metros cada vez que se visite el sitio Web.<\/p>\n\n\n\n<p>Seg\u00fan su <strong>finalidad,<\/strong> las cookies pueden ser:<\/p>\n\n\n\n<p><strong>Cookies t\u00e9cnicas:<\/strong> Las cookies t\u00e9cnicas son aquellas imprescindibles y estrictamente necesarias para el correcto funcionamiento de un sitio Web y el uso de las diversas opciones y servicios que ofrece. Por ejemplo, las de mantenimiento de sesi\u00f3n, las que permiten utilizar elementos de seguridad, compartir contenido con redes sociales, etc.<\/p>\n\n\n\n<p><strong>Cookies de personalizaci\u00f3n:<\/strong> Permiten al usuario escoger o personalizar caracter\u00edsticas de la p\u00e1gina Web como el idioma, configuraci\u00f3n regional o tipo de navegador.<\/p>\n\n\n\n<p><strong>Cookies anal\u00edticas:<\/strong> Son las utilizadas por los portales Web, para elaborar perfiles de navegaci\u00f3n y poder conocer las preferencias de los usuarios con el fin de mejorar la oferta de productos y servicios. Permiten controlar \u00e1reas geogr\u00e1ficas de mayor inter\u00e9s de un usuario, la informaci\u00f3n de la web de m\u00e1s aceptaci\u00f3n, etc.<strong>Cookies publicitarias \/ de publicidad:<\/strong> son aquellas que almacenan informaci\u00f3n del comportamiento de los usuarios obtenida a trav\u00e9s de la observaci\u00f3n continuada de sus h\u00e1bitos de navegaci\u00f3n, lo que permite desarrollar un perfil espec\u00edfico para mostrar publicidad en funci\u00f3n del mismo.<\/p>\n\n\n\n<ol start=\"3\" class=\"wp-block-list\">\n<li><strong>COOKIES UTILIZADAS EN NUESTRA WEB<\/strong><\/li>\n<\/ol>\n\n\n\n<p>www.deporteseli.com utiliza los siguientes tipos de cookies en la web:<\/p>\n\n\n\n<p><strong>Cookies t\u00e9cnicas<\/strong><\/p>\n\n\n\n<p>Permiten al usuario navegar por la Web.<strong>Cookies instaladas en nuestro dominio web:<\/strong><\/p>\n\n\n\n<figure class=\"wp-block-table\"><table><tbody><tr><td>Nombre de la cookie<\/td><td>Finalidad<\/td><td>Propia\/ de terceros<\/td><td>Duraci\u00f3n<\/td><td>\u00bfCu\u00e1ndo se instala?<\/td><\/tr><tr><td>moove_gdpr_popup<\/td><td>Esta cookie se utiliza para controlar la aceptaci\u00f3n o bloqueo de los scripts de las cookies no funcionales de terceros.<\/td><td>Propia<\/td><td>1 semana<\/td><td>Cuando se aceptan las cookies en la web<\/td><\/tr><tr><td>tk_lr<\/td><td>Esta cookie se utiliza para mejorar la experiencia del usuario en la p\u00e1gina.<\/td><td>Propia<\/td><td>1 semana<\/td><td>Cuando se aceptan las cookies en la web<\/td><\/tr><tr><td>tk_r3d<\/td><td>Esta cookie se utiliza para mejorar la experiencia del usuario en la p\u00e1gina.<\/td><td>Propia<\/td><td>2 a\u00f1os<\/td><td>Cuando se aceptan las cookies en la web<\/td><\/tr><tr><td>tk_or<\/td><td>Esta cookie se utiliza para mejorar la experiencia del usuario en la p\u00e1gina.<\/td><td>Propia<\/td><td>72 horas<\/td><td>Cuando se aceptan las cookies en la web<\/td><\/tr><\/tbody><\/table><\/figure>\n\n\n\n<p>Esta web, como la mayor\u00eda de sitios web, incluye funcionalidades proporcionadas por terceros. Nuestra web es una web viva y se pueden incluir nuevos dise\u00f1os o servicios de terceros. Esto puede modificar ocasionalmente la configuraci\u00f3n de cookies y que aparezcan cookies no detalladas de forma pormenorizada en la presente pol\u00edtica.<\/p>\n\n\n\n<p>Nuestro sitio no controla las&nbsp;cookies&nbsp;utilizadas por estos terceros. Para m\u00e1s informaci\u00f3n sobre las cookies&nbsp;de las redes sociales u otras Webs ajenas, aconsejamos revisar sus propias pol\u00edticas de&nbsp;cookies.<\/p>\n\n\n\n<ol start=\"4\" class=\"wp-block-list\">\n<li><strong>INFORMACI\u00d3N Y OBTENCI\u00d3N DEL CONSENTIMIENTO PARA LA INSTALACI\u00d3N<\/strong><\/li>\n<\/ol>\n\n\n\n<p>www.deporteseli.com procurar\u00e1 en todo momento establecer mecanismos adecuados para obtener el consentimiento del Usuario para la instalaci\u00f3n de cookies que lo requieran. Cuando un usuario accede a nuestra web aparece un pop-up en el que se informa de la existencia de cookies y de que al aceptarlas presta su consentimiento para la instalaci\u00f3n de cookies.<\/p>\n\n\n\n<ol start=\"5\" class=\"wp-block-list\">\n<li><strong>\u00bfC\u00d3MO PUEDO IMPEDIR LA INSTALACI\u00d3N DE COOKIES?<\/strong><\/li>\n<\/ol>\n\n\n\n<p>El usuario puede rechazar la instalaci\u00f3n de todas aquellas cookies, seg\u00fan sus preferencias, salvo aquellas que autorice expresamente o las que son de perfil t\u00e9cnico y deben ser instaladas para garantizar el funcionamiento correcto de la p\u00e1gina web,&nbsp; se\u00f1alando las que desee instalar o rechazar en el pop-up o ventana de aceptaci\u00f3n de cookies que aparece al ingresar en la home. No obstante, existen otras formas de evitar que se instalen cookies en el equipo, como les indicamos a continuaci\u00f3n.<\/p>\n\n\n\n<p>El usuario puede configurar su navegador para aceptar, o no, las cookies que recibe o para que el navegador le avise cuando un servidor quiera guardar una cookie. Si se deshabilitan algunas cookies t\u00e9cnicas no se garantiza el correcto funcionamiento de algunas de las utilidades de la web.<\/p>\n\n\n\n<p>El usuario podr\u00e1 excluir que se almacenen en su terminal las cookies <em>\u00abanal\u00edticas y publicitarias\u201d<\/em> de Google Analytics mediante los <a href=\"https:\/\/tools.google.com\/dlpage\/gaoptout\">sistemas de exclusi\u00f3n facilitados por&nbsp;Google Analytics.<\/a> A continuaci\u00f3n, tambi\u00e9n le facilitamos algunos ejemplos de c\u00f3mo deshabilitar las cookies:<\/p>\n\n\n\n<ul class=\"wp-block-list\">\n<li><strong>Mediante la configuraci\u00f3n del propio navegador:<\/strong>\n<ul class=\"wp-block-list\">\n<li>Internet Explorer: <a href=\"http:\/\/windows.microsoft.com\/es-es\/windows-vista\/block-or-allow-cookies\">http:\/\/windows.microsoft.com\/es-es\/windows-vista\/block-or-allow-cookies<\/a><\/li>\n\n\n\n<li>Firefox: <a href=\"https:\/\/support.mozilla.org\/es\/kb\/Deshabilitar%20cookies%20de%20terceros\">https:\/\/support.mozilla.org\/es\/kb\/Deshabilitar%20cookies%20de%20terceros<\/a><\/li>\n\n\n\n<li>Safari: &nbsp;<a href=\"http:\/\/support.apple.com\/kb\/HT1677?viewlocale=es_ES\">http:\/\/support.apple.com\/kb\/HT1677?viewlocale=es_ES<\/a>.<\/li>\n\n\n\n<li>Chrome: <a href=\"https:\/\/support.google.com\/accounts\/answer\/61416?hl=es\">https:\/\/support.google.com\/accounts\/answer\/61416?hl=es<\/a>.<\/li>\n\n\n\n<li>Opera: <a href=\"http:\/\/help.opera.com\/Windows\/11.50\/es-ES\/cookies.html\">http:\/\/help.opera.com\/Windows\/11.50\/es-ES\/cookies.html<\/a><\/li>\n<\/ul>\n<\/li>\n<\/ul>\n\n\n\n<p>Para ampliar esta informaci\u00f3n acuda a la p\u00e1gina de la Agencia Espa\u00f1ola de Protecci\u00f3n de Datos que ayuda a configurar la privacidad en redes sociales, navegadores y sistemas operativos m\u00f3viles. <a rel=\"noreferrer noopener\" href=\"http:\/\/www.agpd.es\/portalwebAGPD\/CanalDelCiudadano\/protegetuprivacidad\/index-ides-idphp.php\" target=\"_blank\">M\u00e1s informaci\u00f3n.<\/a><\/p>\n\n\n\n<ul class=\"wp-block-list\">\n<li><strong>Mediante herramientas de terceros:<\/strong><\/li>\n<\/ul>\n\n\n\n<p>Existen herramientas de terceros, disponibles on-line, que permiten a los usuarios detectar las cookies en cada sitio web que visita y gestionar su desactivaci\u00f3n, por ejemplo:<\/p>\n\n\n\n<p><a href=\"http:\/\/www.ghostery.com\">http:\/\/www.ghostery.com<\/a><\/p>\n\n\n\n<p><a href=\"http:\/\/www.youronlinechoices.com\/es\/\">http:\/\/www.youronlinechoices.com\/es\/<\/a><\/p>\n\n\n\n<p>En todo caso, el usuario puede permitir o bloquear las cookies, as\u00ed como borrar sus datos de navegaci\u00f3n (incluidas las cookies) desde el navegador que utiliza. Consulte las opciones e instrucciones que ofrece su navegador para ello. Tenga en cuenta que si acepta las cookies de terceros, deber\u00e1 eliminarlas desde las opciones del navegador.<\/p>\n\n\n\n<ol start=\"6\" class=\"wp-block-list\">\n<li><strong>ENLACES A OTROS SITIOS WEB<\/strong><\/li>\n<\/ol>\n\n\n\n<p>Si opta por abandonar nuestro sitio Web a trav\u00e9s de enlaces a otros sitios Web no pertenecientes a nuestra entidad, no nos haremos responsables de las pol\u00edticas de privacidad de dichos sitios Web ni de las cookies que estos puedan almacenar en el ordenador del usuario.<\/p>\n\n\n\n<ol start=\"7\" class=\"wp-block-list\">\n<li><strong>\u00bfC\u00d3MO RECOPILAMOS Y USAMOS LAS DIRECCIONES IP?<\/strong><\/li>\n<\/ol>\n\n\n\n<p>Los servidores de la Web podr\u00e1n detectar de manera autom\u00e1tica la direcci\u00f3n IP y el nombre de dominio utilizados por los usuarios.<\/p>\n\n\n\n<p>Una direcci\u00f3n IP es un n\u00famero asignado autom\u00e1ticamente a un ordenador cuando \u00e9ste se conecta a Internet. Esta informaci\u00f3n permite el posterior procesamiento de los datos con el fin de saber si ha prestado su consentimiento para la instalaci\u00f3n de cookies, realizar mediciones \u00fanicamente estad\u00edsticas que permitan conocer el n\u00famero de visitas realizadas a la Web, el orden de visitas, el punto de acceso, etc.<\/p>\n\n\n\n<ol start=\"8\" class=\"wp-block-list\">\n<li><strong>TRANSFERENCIA INTERNACIONAL DE DATOS<\/strong><\/li>\n<\/ol>\n\n\n\n<p>Las cookies instaladas en nuestro dominio web se instalan en nuestro servidor por lo que los datos en ellas recogidos no son sometidos a transferencias internacionales de datos.<\/p>\n\n\n\n<ol start=\"9\" class=\"wp-block-list\">\n<li><strong>ACTUALIZACI\u00d3N DE NUESTRA POL\u00cdTICA DE COOKIES<\/strong><\/li>\n<\/ol>\n\n\n\n<p>Esta pol\u00edtica se revisa peri\u00f3dicamente para asegurar su vigencia, por lo que puede ser modificada. Le recomendamos que visite la p\u00e1gina con regularidad donde le informaremos de cualquier actualizaci\u00f3n al respecto.<\/p>\n","protected":false},"excerpt":{"rendered":"<p>Una cookie es un archivo de texto que un servidor web puede guardar en el disco duro de tu equipo para almacenar alg\u00fan tipo de informaci\u00f3n sobre ti como usuario. Las cookies se utilizan con diversas finalidades tales como almacenar datos para pr\u00f3ximas visitas, para reconocer al usuario y evitar pedir de nuevo la autentificaci\u00f3n, &hellip;<\/p>\n<p class=\"read-more\"> <a class=\" thunk-readmore button \" href=\"https:\/\/www.deporteseli.com\/?page_id=27332\"> <span class=\"screen-reader-text\">POL\u00cdTICA DE COOKIES<\/span>Read More<\/a><\/p>\n","protected":false},"author":1,"featured_media":0,"parent":0,"menu_order":0,"comment_status":"closed","ping_status":"closed","template":"page-faq.php","meta":{"footnotes":""},"class_list":["post-27332","page","type-page","status-publish","hentry","thunk-woo-product-list","opn-qv-enable","open-woo-hover-","open-single-product-tab-horizontal","open-shadow-","open-shadow-hover-"],"jetpack_sharing_enabled":true,"_links":{"self":[{"href":"https:\/\/www.deporteseli.com\/index.php?rest_route=\/wp\/v2\/pages\/27332","targetHints":{"allow":["GET"]}}],"collection":[{"href":"https:\/\/www.deporteseli.com\/index.php?rest_route=\/wp\/v2\/pages"}],"about":[{"href":"https:\/\/www.deporteseli.com\/index.php?rest_route=\/wp\/v2\/types\/page"}],"author":[{"embeddable":true,"href":"https:\/\/www.deporteseli.com\/index.php?rest_route=\/wp\/v2\/users\/1"}],"replies":[{"embeddable":true,"href":"https:\/\/www.deporteseli.com\/index.php?rest_route=%2Fwp%2Fv2%2Fcomments&post=27332"}],"version-history":[{"count":1,"href":"https:\/\/www.deporteseli.com\/index.php?rest_route=\/wp\/v2\/pages\/27332\/revisions"}],"predecessor-version":[{"id":27333,"href":"https:\/\/www.deporteseli.com\/index.php?rest_route=\/wp\/v2\/pages\/27332\/revisions\/27333"}],"wp:attachment":[{"href":"https:\/\/www.deporteseli.com\/index.php?rest_route=%2Fwp%2Fv2%2Fmedia&parent=27332"}],"curies":[{"name":"wp","href":"https:\/\/api.w.org\/{rel}","templated":true}]}}